{"id":11923,"date":"2020-03-01T17:22:10","date_gmt":"2020-03-01T17:22:10","guid":{"rendered":"https:\/\/www.seriousgames.net\/our-approach\/"},"modified":"2021-05-27T13:03:42","modified_gmt":"2021-05-27T13:03:42","slug":"vores-tilgang","status":"publish","type":"page","link":"https:\/\/www.seriousgames.net\/da\/vores-tilgang\/","title":{"rendered":"Vores Tilgang"},"content":{"rendered":"<div class=\"eut-section eut-row-section eut-fullwidth-background eut-percentage-height eut-loading-height eut-padding-top-3x\" data-height-ratio=\"80\" data-tablet-sm-height-ratio=\"0\" data-mobile-height-ratio=\"0\"  style=\"background-color:#ffffff;color:#000000;\"><div class=\"eut-container\"><div class=\"eut-row eut-bookmark eut-columns-gap-default eut-mobile-vertical-gap-30 eut-percentage-content\"><div class=\"eut-column wpb_column eut-bookmark eut-column-1\" ><div class=\"eut-column-wrapper\"><div class=\"eut-column-content\" ><div class=\"eut-empty-space eut-height-3x\" style=\"\"><\/div><div class=\"eut-inner-section eut-bookmark eut-padding-top-2x eut-padding-bottom-1x eut-equal-columns\" data-tablet-sm-height-ratio=\"0\" data-mobile-height-ratio=\"0\"><div class=\"eut-row-inner eut-columns-gap-60 eut-mobile-vertical-gap-30\"><div class=\"eut-column-inner wpb_column eut-bookmark eut-column-1 eut-tablet-sm-column-1 eut-tablet-sm-align-center eut-mobile-align-center\" ><div class=\"eut-column-wrapper-inner title-mobile\"><div class=\"eut-column-inner-content\" ><h3 class=\"eut-element eut-title eut-align-center eut-h1 eut-tablet-reset-increase-heading eut-tablet-sm-reset-increase-heading eut-mobile-reset-increase-heading eut-increase-heading eut-heading-140\" style=\"margin-bottom: 0px;\"><span><br>\n<p style=\"text-align: center;\">Vi tilbyder skr\u00e6ddersyede l\u00f8sninger<br \/>\nbaseret p\u00e5 vores unikke co-creation proces<br>\n<\/span><\/h3><\/div><div class=\"eut-background-wrapper\"><\/div><\/div><\/div><\/div><div class=\"eut-background-wrapper\"><\/div><\/div><\/div><div class=\"eut-background-wrapper\"><\/div><\/div><\/div><\/div><\/div><div class=\"eut-background-wrapper\">  <div class=\"eut-bg-image eut-bg-center-center eut-bg-image-id-4895\"   style=\"background-image: url(https:\/\/www.seriousgames.net\/wp-content\/uploads\/2020\/03\/our-approach-background-1920x1280.png);\"><\/div>  <div class=\"eut-bg-overlay eut-bg-light eut-opacity-70\"><\/div><\/div><\/div><div class=\"eut-section eut-row-section eut-fullwidth-background eut-padding-top-3x eut-padding-bottom-1x\" data-tablet-sm-height-ratio=\"0\" data-mobile-height-ratio=\"0\"><div class=\"eut-container\"><div class=\"eut-row eut-bookmark eut-columns-gap-default eut-mobile-vertical-gap-30\"><div class=\"eut-column wpb_column eut-bookmark eut-column-1\" ><div class=\"eut-column-wrapper\"><div class=\"eut-column-content\" ><h3 class=\"eut-element eut-title eut-align-inherit eut-h3 eut-increase-heading eut-heading-140\" style=\"\"><span><br>\n<p style=\"text-align: center;\">Vores co-creation proces handler om at afd\u00e6kke dine specifikke behov, afgr\u00e6nse feltet, definere ressourcerne og udvikle den rette l\u00f8sning der garanterer effekten<br>\n<\/span><\/h3><\/div><div class=\"eut-background-wrapper\"><\/div><\/div><\/div><\/div><\/div><div class=\"eut-background-wrapper\"><\/div><\/div><div class=\"eut-section eut-row-section eut-fullwidth-background eut-padding-top-1x eut-padding-bottom-1x\" data-tablet-sm-height-ratio=\"0\" data-mobile-height-ratio=\"0\"  style=\"background-color:#fbfaf5;\"><div class=\"eut-container\"><div class=\"eut-row eut-bookmark eut-columns-gap-default eut-mobile-vertical-gap-30\"><div class=\"eut-column wpb_column eut-bookmark eut-column-1\" ><div class=\"eut-column-wrapper\"><div class=\"eut-column-content\" ><div id=\"ts-vcsc-horizontal-steps-container-7216071\" class=\"ts-horizontal-steps    ts-horizontal-steps-ltr\" style=\"margin-top: 0px; margin-bottom: 0px;\"  data-layoutrtl=\"false\" data-lastwidth=\"0\" data-frontend=\"false\" data-minwidth=\"100\" data-maxwidth=\"400\" data-stepinner=\"50\" data-iconsize=\"50\" data-iconlimit=\"false\" data-iconmax=\"400\"><ul class=\"ts-horizontal-steps-list\"><li id=\"ts-vcsc-horizontal-steps-single-6075422\" class=\"ts-horizontal-steps-item   ts-box-icon  \"  data-frontend=\"false\" style=\"\"><span class=\"ts-horizontal-step-icon ts-radius-full\"><i class=\"fas fa-tasks ts-hover-css-none\"><\/i><\/span><div class=\"ts-horizontal-step-content\"><h4 class=\"ts-horizontal-step-title\" style=\"color: #000000;\">Omfang<\/h4><div class=\"clearboth\"><\/div><div class=\"ts-horizontal-step-description\" style=\"color: #000000; text-align: center; font-size: 14px;\">Workshops og tjeklister hvor vi definerer udfordringer, ressourcer og m\u00e5l<\/div><\/div><\/li><li id=\"ts-vcsc-horizontal-steps-single-7257429\" class=\"ts-horizontal-steps-item   ts-box-icon  \"  data-frontend=\"false\" style=\"\"><span class=\"ts-horizontal-step-icon ts-radius-full\"><i class=\"fab fa-connectdevelop ts-hover-css-none\"><\/i><\/span><div class=\"ts-horizontal-step-content\"><h4 class=\"ts-horizontal-step-title\" style=\"color: #000000;\">Koncept<\/h4><div class=\"clearboth\"><\/div><div class=\"ts-horizontal-step-description\" style=\"color: #000000; text-align: center; font-size: 14px;\">Workshops hvor vi udvikler spilkonceptet i f\u00e6llesskab<\/div><\/div><\/li><li id=\"ts-vcsc-horizontal-steps-single-3174769\" class=\"ts-horizontal-steps-item   ts-box-icon  \"  data-frontend=\"false\" style=\"\"><span class=\"ts-horizontal-step-icon ts-radius-full\"><i class=\"fas fa-palette ts-hover-css-none\"><\/i><\/span><div class=\"ts-horizontal-step-content\"><h4 class=\"ts-horizontal-step-title\" style=\"color: #000000;\">Design<\/h4><div class=\"clearboth\"><\/div><div class=\"ts-horizontal-step-description\" style=\"color: #000000; text-align: center; font-size: 14px;\">Konkretisering af designid\u00e9er, og test af spillet med jer og brugerne<\/div><\/div><\/li><li id=\"ts-vcsc-horizontal-steps-single-5108727\" class=\"ts-horizontal-steps-item   ts-box-icon  \"  data-frontend=\"false\" style=\"\"><span class=\"ts-horizontal-step-icon ts-radius-full\"><i class=\"fas fa-cogs ts-hover-css-none\"><\/i><\/span><div class=\"ts-horizontal-step-content\"><h4 class=\"ts-horizontal-step-title\" style=\"color: #000000;\">Produktion<\/h4><div class=\"clearboth\"><\/div><div class=\"ts-horizontal-step-description\" style=\"color: #000000; text-align: center; font-size: 14px;\">Udvikling af selve l\u00f8sningen med en agil tilgang og mindset<\/div><\/div><\/li><li id=\"ts-vcsc-horizontal-steps-single-5855437\" class=\"ts-horizontal-steps-item   ts-box-icon  \"  data-frontend=\"false\" style=\"\"><span class=\"ts-horizontal-step-icon ts-radius-full\"><i class=\"fas fa-american-sign-language-interpreting ts-hover-css-none\"><\/i><\/span><div class=\"ts-horizontal-step-content\"><h4 class=\"ts-horizontal-step-title\" style=\"color: #000000;\">Levering<\/h4><div class=\"clearboth\"><\/div><div class=\"ts-horizontal-step-description\" style=\"color: #000000; text-align: center; font-size: 14px;\">Endelig aflevering af spillet, samt evaluering<\/div><\/div><\/li><div class=\"clearboth\"><\/div><\/ul><\/div><\/div><div class=\"eut-background-wrapper\"><\/div><\/div><\/div><\/div><\/div><div class=\"eut-background-wrapper\"><\/div><\/div><div class=\"eut-section eut-row-section eut-fullwidth-background eut-padding-top-1x eut-padding-bottom-1x\" data-tablet-sm-height-ratio=\"0\" data-mobile-height-ratio=\"0\"><div class=\"eut-container\"><div class=\"eut-row eut-bookmark eut-columns-gap-default eut-mobile-vertical-gap-30\"><div class=\"eut-column wpb_column eut-bookmark eut-column-1\" ><div class=\"eut-column-wrapper vc_custom_1593610407399\"><div class=\"eut-column-content\" ><div class=\"eut-element eut-text vc_custom_1622119854291\">\r\n\t\t\t<p><span style=\"font-weight: 400;\">Ved hj\u00e6lp af vores agile udviklingsmetodik og veldokumenterede co-creation proces, s\u00f8rger vi for altid at involvere de rette interessenter i processen, s\u00e5 vi sammen kan skabe det bedst mulige produkt. N\u00e5r en kunde kontakter os, starter vi med at s\u00e6tte os ind i kundens vigtigste m\u00e5l og parametre.<\/span><\/p>\n<p><span style=\"font-weight: 400;\">N\u00e5r vi skaber et nyt l\u00e6ringskoncept, s\u00f8rger vi for at det er skr\u00e6ddersyet til kundens specifikke behov. Vi g\u00f8r brug af vores store v\u00e6rkt\u00f8jskasse som er fyldt med veldokumenterede mekanikker og koncepter, for at fremskynde processen og nedbringe risici s\u00e5 meget som muligt. Vi finder den korteste vej til at teste de st\u00f8rste risici.<\/span><\/p>\n\r\n\t\t<\/div>\r\n\t<\/div><div class=\"eut-background-wrapper\"><\/div><\/div><\/div><\/div><\/div><div class=\"eut-background-wrapper\"><\/div><\/div><div class=\"eut-section eut-row-section eut-fullwidth-background eut-padding-top-1x eut-padding-bottom-2x\" data-tablet-sm-height-ratio=\"0\" data-mobile-height-ratio=\"0\"><div class=\"eut-container\"><div class=\"eut-row eut-bookmark eut-columns-gap-default eut-mobile-vertical-gap-30\"><div class=\"eut-column wpb_column eut-bookmark eut-column-1 eut-column-fullheight\" ><div class=\"eut-column-wrapper\"><div class=\"eut-column-content\" ><div class=\"eut-inner-section eut-bookmark\" data-tablet-sm-height-ratio=\"0\" data-mobile-height-ratio=\"0\"><div class=\"eut-row-inner eut-columns-gap-default eut-mobile-vertical-gap-30\"><div class=\"eut-column-inner wpb_column eut-bookmark eut-column-1-6\" ><div class=\"eut-column-wrapper-inner\"><div class=\"eut-column-inner-content\" ><\/div><div class=\"eut-background-wrapper\"><\/div><\/div><\/div><div class=\"eut-column-inner wpb_column eut-bookmark eut-column-2-3\" ><div class=\"eut-column-wrapper-inner\"><div class=\"eut-column-inner-content\" ><div class=\"eut-element eut-align-center\" style=\"\"><div class=\"eut-single-icon eut-medium\"><div class=\"eut-wrapper-icon eut-no-shape eut-text-grey\" style=\"\"><i class=\"eut-inner-icon entypo-icon entypo-icon-quote eut-text-primary-1\"><\/i><\/div><\/div><\/div><h3 class=\"eut-element eut-title eut-align-inherit eut-h3\" style=\"\"><span><br>\n<p style=\"text-align: left;\">Vi ser spil som en videreudvikling af din virksomhedskultur og brand, hvilket skaber autentiske, engagerende og meningsfulde digitale oplevelser for din virksomhed.<br>\n<p style=\"text-align: left;\">Vi bestr\u00e6ber os p\u00e5 at g\u00f8re et varigt indtryk, uanset om det g\u00e6lder l\u00e6ringsm\u00e5l, adf\u00e6rds\u00e6ndringer eller en kombination af begge disse.<br>\n<\/span><\/h3><\/div><div class=\"eut-background-wrapper\"><\/div><\/div><\/div><div class=\"eut-column-inner wpb_column eut-bookmark eut-column-1-6\" ><div class=\"eut-column-wrapper-inner\"><div class=\"eut-column-inner-content\" ><\/div><div class=\"eut-background-wrapper\"><\/div><\/div><\/div><\/div><div class=\"eut-background-wrapper\"><\/div><\/div><\/div><div class=\"eut-background-wrapper\"><\/div><\/div><\/div><\/div><\/div><div class=\"eut-background-wrapper\"><\/div><\/div><div class=\"eut-section eut-row-section eut-fullwidth-background eut-padding-top-1x eut-padding-bottom-3x\" data-tablet-sm-height-ratio=\"0\" data-mobile-height-ratio=\"0\"><div class=\"eut-container\"><div class=\"eut-row eut-bookmark eut-columns-gap-default eut-mobile-vertical-gap-30\"><div class=\"eut-column wpb_column eut-bookmark eut-column-1\" ><div class=\"eut-column-wrapper vc_custom_1593610425638\"><div class=\"eut-column-content\" ><div class=\"eut-element eut-text vc_custom_1622120597786\">\r\n\t\t\t<p><span style=\"font-weight: 400;\">Al co-creation best\u00e5r som minimum af tre kerneroller: Spiludviklerne (os), eksperterne i emnet (oftest jer) samt praktikerne (brugerne). N\u00e5r vi har konceptet klar, tester vi det s\u00e5 hurtigt som muligt. Gennem hele designprocessen videreudvikler vi spillet ved hj\u00e6lp af mock-ups og prototyper. <\/span><\/p>\n<p><span style=\"font-weight: 400;\">N\u00e5r designet er p\u00e5 plads, g\u00e5r vi videre til produktionsfasen. Til sidst s\u00f8rger vi for at spillet er sat op og forberedt s\u00e5 det passer til dine behov, og vi tilbyder derudover ogs\u00e5 hosting, vedligeholdelse og support, hvis det er relevant for l\u00f8sningen.<br \/>\n<\/span><\/p>\n\r\n\t\t<\/div>\r\n\t<\/div><div class=\"eut-background-wrapper\"><\/div><\/div><\/div><\/div><\/div><div class=\"eut-background-wrapper\"><\/div><\/div><div class=\"eut-section eut-row-section eut-fullwidth-background eut-padding-top-1x eut-padding-bottom-1x\" data-tablet-sm-height-ratio=\"0\" data-mobile-height-ratio=\"0\"><div class=\"eut-container\"><div class=\"eut-row eut-bookmark eut-columns-gap-default eut-mobile-vertical-gap-30\"><div class=\"eut-column wpb_column eut-bookmark eut-column-1\" ><div class=\"eut-column-wrapper\"><div class=\"eut-column-content\" ><div class=\"eut-element eut-divider\" style=\"\"><div class=\"eut-dashed-line-divider eut-border\"><\/div><\/div><\/div><div class=\"eut-background-wrapper\"><\/div><\/div><\/div><\/div><\/div><div class=\"eut-background-wrapper\"><\/div><\/div><div class=\"eut-section eut-row-section eut-fullwidth-background eut-padding-top-1x eut-padding-bottom-1x eut-headings-dark eut-link-dark eut-link-hover-dark\" data-tablet-sm-height-ratio=\"0\" data-mobile-height-ratio=\"0\"  style=\"color:#000000;\"><div class=\"eut-container\"><div class=\"eut-row eut-bookmark eut-columns-gap-default eut-mobile-vertical-gap-30\"><div class=\"eut-column wpb_column eut-bookmark eut-column-1 eut-tablet-sm-column-1-6\" ><div class=\"eut-column-wrapper\"><div class=\"eut-column-content\" ><h3 class=\"eut-element eut-title eut-align-center eut-h3 eut-increase-heading eut-heading-140\" style=\"\"><span>VIL DU VIDE MERE?<\/span><\/h3><div class=\"eut-empty-space eut-height-1x\" style=\"\"><\/div><div class=\"eut-element eut-align-center eut-animated-item eut-fade-in-up eut-duration-normal\" data-delay=\"400\"><a href=\"https:\/\/www.seriousgames.net\/da\/kontakt\/\" title=\"Kontakt\" class=\"eut-btn eut-btn-large eut-square eut-bg-black eut-bg-hover-black eut-btn-line\"><span>Kontakt os<\/span><\/a><\/div><\/div><div class=\"eut-background-wrapper\"><\/div><\/div><\/div><\/div><\/div><div class=\"eut-background-wrapper\"><\/div><\/div>\n","protected":false},"excerpt":{"rendered":"Vi tilbyder skr\u00e6ddersyede l\u00f8sninger baseret p\u00e5 vores unikke co-creation proces Vores co-creation proces handler om at afd\u00e6kke dine specifikke behov, afgr\u00e6nse feltet, definere ressourcerne og udvikle den rette l\u00f8sning der garanterer effekten OmfangWorkshops og tjeklister hvor vi definerer udfordringer, ressourcer og m\u00e5lKonceptWorkshops hvor vi udvikler spilkonceptet i f\u00e6llesskabDesignKonkretisering af designid\u00e9er, og test af spillet med [...]","protected":false},"author":1,"featured_media":0,"parent":0,"menu_order":0,"comment_status":"closed","ping_status":"closed","template":"","meta":{"footnotes":""},"class_list":["post-11923","page","type-page","status-publish","hentry"],"yoast_head":"<!-- This site is optimized with the Yoast SEO Premium plugin v25.3.1 (Yoast SEO v26.9) - https:\/\/yoast.com\/product\/yoast-seo-premium-wordpress\/ -->\n<title>Vores Tilgang - Serious Games Interactive<\/title>\n<meta name=\"robots\" content=\"index, follow, max-snippet:-1, max-image-preview:large, max-video-preview:-1\" \/>\n<link rel=\"canonical\" href=\"https:\/\/www.seriousgames.net\/da\/vores-tilgang\/\" \/>\n<meta property=\"og:locale\" content=\"da_DK\" \/>\n<meta property=\"og:type\" content=\"article\" \/>\n<meta property=\"og:title\" content=\"Vores Tilgang\" \/>\n<meta property=\"og:url\" content=\"https:\/\/www.seriousgames.net\/da\/vores-tilgang\/\" \/>\n<meta property=\"og:site_name\" content=\"Serious Games Interactive\" \/>\n<meta property=\"article:publisher\" content=\"https:\/\/www.facebook.com\/seriousgames\" \/>\n<meta property=\"article:modified_time\" content=\"2021-05-27T13:03:42+00:00\" \/>\n<meta name=\"twitter:card\" content=\"summary_large_image\" \/>\n<meta name=\"twitter:site\" content=\"@SeriousGamesInt\" \/>\n<meta name=\"twitter:label1\" content=\"Estimeret l\u00e6setid\" \/>\n\t<meta name=\"twitter:data1\" content=\"2 minutter\" \/>\n<script type=\"application\/ld+json\" class=\"yoast-schema-graph\">{\"@context\":\"https:\/\/schema.org\",\"@graph\":[{\"@type\":\"WebPage\",\"@id\":\"https:\/\/www.seriousgames.net\/da\/vores-tilgang\/\",\"url\":\"https:\/\/www.seriousgames.net\/da\/vores-tilgang\/\",\"name\":\"Vores Tilgang - Serious Games Interactive\",\"isPartOf\":{\"@id\":\"https:\/\/www.seriousgames.net\/da\/#website\"},\"datePublished\":\"2020-03-01T17:22:10+00:00\",\"dateModified\":\"2021-05-27T13:03:42+00:00\",\"breadcrumb\":{\"@id\":\"https:\/\/www.seriousgames.net\/da\/vores-tilgang\/#breadcrumb\"},\"inLanguage\":\"da-DK\",\"potentialAction\":[{\"@type\":\"ReadAction\",\"target\":[\"https:\/\/www.seriousgames.net\/da\/vores-tilgang\/\"]}]},{\"@type\":\"BreadcrumbList\",\"@id\":\"https:\/\/www.seriousgames.net\/da\/vores-tilgang\/#breadcrumb\",\"itemListElement\":[{\"@type\":\"ListItem\",\"position\":1,\"name\":\"Home\",\"item\":\"https:\/\/www.seriousgames.net\/da\/\"},{\"@type\":\"ListItem\",\"position\":2,\"name\":\"Vores Tilgang\"}]},{\"@type\":\"WebSite\",\"@id\":\"https:\/\/www.seriousgames.net\/da\/#website\",\"url\":\"https:\/\/www.seriousgames.net\/da\/\",\"name\":\"Serious Games Interactive\",\"description\":\"Developer of educational games for companies and organizations\",\"publisher\":{\"@id\":\"https:\/\/www.seriousgames.net\/da\/#organization\"},\"potentialAction\":[{\"@type\":\"SearchAction\",\"target\":{\"@type\":\"EntryPoint\",\"urlTemplate\":\"https:\/\/www.seriousgames.net\/da\/?s={search_term_string}\"},\"query-input\":{\"@type\":\"PropertyValueSpecification\",\"valueRequired\":true,\"valueName\":\"search_term_string\"}}],\"inLanguage\":\"da-DK\"},{\"@type\":\"Organization\",\"@id\":\"https:\/\/www.seriousgames.net\/da\/#organization\",\"name\":\"Serious Games Interactive\",\"url\":\"https:\/\/www.seriousgames.net\/da\/\",\"logo\":{\"@type\":\"ImageObject\",\"inLanguage\":\"da-DK\",\"@id\":\"https:\/\/www.seriousgames.net\/da\/#\/schema\/logo\/image\/\",\"url\":\"https:\/\/www.seriousgames.net\/wp-content\/uploads\/2020\/02\/SGI_logo-400x400-1.png\",\"contentUrl\":\"https:\/\/www.seriousgames.net\/wp-content\/uploads\/2020\/02\/SGI_logo-400x400-1.png\",\"width\":400,\"height\":400,\"caption\":\"Serious Games Interactive\"},\"image\":{\"@id\":\"https:\/\/www.seriousgames.net\/da\/#\/schema\/logo\/image\/\"},\"sameAs\":[\"https:\/\/www.facebook.com\/seriousgames\",\"https:\/\/x.com\/SeriousGamesInt\",\"https:\/\/www.linkedin.com\/company\/serious-games-interactive\/\"]}]}<\/script>\n<!-- \/ Yoast SEO Premium plugin. -->","yoast_head_json":{"title":"Vores Tilgang - Serious Games Interactive","robots":{"index":"index","follow":"follow","max-snippet":"max-snippet:-1","max-image-preview":"max-image-preview:large","max-video-preview":"max-video-preview:-1"},"canonical":"https:\/\/www.seriousgames.net\/da\/vores-tilgang\/","og_locale":"da_DK","og_type":"article","og_title":"Vores Tilgang","og_url":"https:\/\/www.seriousgames.net\/da\/vores-tilgang\/","og_site_name":"Serious Games Interactive","article_publisher":"https:\/\/www.facebook.com\/seriousgames","article_modified_time":"2021-05-27T13:03:42+00:00","twitter_card":"summary_large_image","twitter_site":"@SeriousGamesInt","twitter_misc":{"Estimeret l\u00e6setid":"2 minutter"},"schema":{"@context":"https:\/\/schema.org","@graph":[{"@type":"WebPage","@id":"https:\/\/www.seriousgames.net\/da\/vores-tilgang\/","url":"https:\/\/www.seriousgames.net\/da\/vores-tilgang\/","name":"Vores Tilgang - Serious Games Interactive","isPartOf":{"@id":"https:\/\/www.seriousgames.net\/da\/#website"},"datePublished":"2020-03-01T17:22:10+00:00","dateModified":"2021-05-27T13:03:42+00:00","breadcrumb":{"@id":"https:\/\/www.seriousgames.net\/da\/vores-tilgang\/#breadcrumb"},"inLanguage":"da-DK","potentialAction":[{"@type":"ReadAction","target":["https:\/\/www.seriousgames.net\/da\/vores-tilgang\/"]}]},{"@type":"BreadcrumbList","@id":"https:\/\/www.seriousgames.net\/da\/vores-tilgang\/#breadcrumb","itemListElement":[{"@type":"ListItem","position":1,"name":"Home","item":"https:\/\/www.seriousgames.net\/da\/"},{"@type":"ListItem","position":2,"name":"Vores Tilgang"}]},{"@type":"WebSite","@id":"https:\/\/www.seriousgames.net\/da\/#website","url":"https:\/\/www.seriousgames.net\/da\/","name":"Serious Games Interactive","description":"Developer of educational games for companies and organizations","publisher":{"@id":"https:\/\/www.seriousgames.net\/da\/#organization"},"potentialAction":[{"@type":"SearchAction","target":{"@type":"EntryPoint","urlTemplate":"https:\/\/www.seriousgames.net\/da\/?s={search_term_string}"},"query-input":{"@type":"PropertyValueSpecification","valueRequired":true,"valueName":"search_term_string"}}],"inLanguage":"da-DK"},{"@type":"Organization","@id":"https:\/\/www.seriousgames.net\/da\/#organization","name":"Serious Games Interactive","url":"https:\/\/www.seriousgames.net\/da\/","logo":{"@type":"ImageObject","inLanguage":"da-DK","@id":"https:\/\/www.seriousgames.net\/da\/#\/schema\/logo\/image\/","url":"https:\/\/www.seriousgames.net\/wp-content\/uploads\/2020\/02\/SGI_logo-400x400-1.png","contentUrl":"https:\/\/www.seriousgames.net\/wp-content\/uploads\/2020\/02\/SGI_logo-400x400-1.png","width":400,"height":400,"caption":"Serious Games Interactive"},"image":{"@id":"https:\/\/www.seriousgames.net\/da\/#\/schema\/logo\/image\/"},"sameAs":["https:\/\/www.facebook.com\/seriousgames","https:\/\/x.com\/SeriousGamesInt","https:\/\/www.linkedin.com\/company\/serious-games-interactive\/"]}]}},"_links":{"self":[{"href":"https:\/\/www.seriousgames.net\/da\/wp-json\/wp\/v2\/pages\/11923","targetHints":{"allow":["GET"]}}],"collection":[{"href":"https:\/\/www.seriousgames.net\/da\/wp-json\/wp\/v2\/pages"}],"about":[{"href":"https:\/\/www.seriousgames.net\/da\/wp-json\/wp\/v2\/types\/page"}],"author":[{"embeddable":true,"href":"https:\/\/www.seriousgames.net\/da\/wp-json\/wp\/v2\/users\/1"}],"replies":[{"embeddable":true,"href":"https:\/\/www.seriousgames.net\/da\/wp-json\/wp\/v2\/comments?post=11923"}],"version-history":[{"count":6,"href":"https:\/\/www.seriousgames.net\/da\/wp-json\/wp\/v2\/pages\/11923\/revisions"}],"predecessor-version":[{"id":16418,"href":"https:\/\/www.seriousgames.net\/da\/wp-json\/wp\/v2\/pages\/11923\/revisions\/16418"}],"wp:attachment":[{"href":"https:\/\/www.seriousgames.net\/da\/wp-json\/wp\/v2\/media?parent=11923"}],"curies":[{"name":"wp","href":"https:\/\/api.w.org\/{rel}","templated":true}]}}