{"id":11729,"date":"2020-04-02T08:23:51","date_gmt":"2020-04-02T08:23:51","guid":{"rendered":"https:\/\/www.seriousgames.net\/born-undervisning\/games-for-children-families\/"},"modified":"2024-11-11T15:17:31","modified_gmt":"2024-11-11T15:17:31","slug":"spil-til-born-familier","status":"publish","type":"page","link":"https:\/\/www.seriousgames.net\/da\/born-undervisning\/spil-til-born-familier\/","title":{"rendered":"Spil til b\u00f8rn &#038; familier i stuen"},"content":{"rendered":"<div class=\"eut-section eut-row-section eut-fullwidth-background eut-padding-top-3x eut-padding-bottom-2x\" data-tablet-sm-height-ratio=\"0\" data-mobile-height-ratio=\"0\"  style=\"background-color:#ffffff;color:#000000;\"><div class=\"eut-container\"><div class=\"eut-row eut-bookmark eut-columns-gap-default eut-mobile-vertical-gap-5 top-space\"><div class=\"eut-column wpb_column eut-bookmark eut-column-1\" ><div class=\"eut-column-wrapper\"><div class=\"eut-column-content\" ><div class=\"eut-empty-space eut-height-1x\" style=\"\"><\/div><div class=\"eut-inner-section eut-bookmark eut-padding-top-2x eut-padding-bottom-1x eut-equal-columns\" data-tablet-sm-height-ratio=\"0\" data-mobile-height-ratio=\"0\"><div class=\"eut-row-inner eut-columns-gap-60 eut-mobile-vertical-gap-30\"><div class=\"eut-column-inner wpb_column eut-bookmark eut-column-1-2 eut-tablet-sm-column-1 eut-tablet-sm-align-center eut-mobile-align-center\" ><div class=\"eut-column-wrapper-inner title-mobile\"><div class=\"eut-column-inner-content\" ><div class=\"eut-empty-space eut-height-1x\" style=\"\"><\/div><h3 class=\"eut-element eut-title eut-align-left eut-h1 eut-tablet-reset-increase-heading eut-tablet-sm-reset-increase-heading eut-mobile-reset-increase-heading eut-increase-heading eut-heading-140\" style=\"margin-bottom: 0px;\"><span>Spil til<\/span><\/h3><h3 class=\"eut-element eut-title eut-align-left eut-h1 eut-tablet-reset-increase-heading eut-tablet-sm-reset-increase-heading eut-mobile-reset-increase-heading eut-increase-heading eut-heading-140\" style=\"margin-bottom: 0px;\"><span>b\u00f8rn &amp; familier<br \/>\ni hjemmet<\/span><\/h3><\/div><div class=\"eut-background-wrapper\"><\/div><\/div><\/div><div class=\"eut-column-inner wpb_column eut-bookmark eut-column-1-2 eut-tablet-sm-column-1\" ><div class=\"eut-column-wrapper-inner vc_custom_1584562416787\"><div class=\"eut-column-inner-content\" ><div class=\"eut-element eut-text\">\r\n\t\t\t<p>Vi skaber legende aktiviteter, som fokuserer p\u00e5 sjove oplevelser samtidig med at de tilf\u00f8jer et ekstra l\u00e6ringslag som f\u00f8les naturligt for spilleren. Vi ser en stor v\u00e6rdi i brugen af spil, n\u00e5r man bev\u00e6ger sig udover l\u00e6ring og bruger den som drivkraft til noget mere, og vi elsker n\u00e5r spillet bev\u00e6ger sig ud over sk\u00e6rmen og ind i omgivelserne.<\/p>\n<p>Vi udvikler digitale universer hvor man kan g\u00e5 p\u00e5 opdagelse og dykke ned i forskellige temaer, i forskellige medieformater. Den bedste l\u00f8sning er ofte en app, da det er en af de prim\u00e6re platforme for yngre b\u00f8rn. App-spil er meget intuitive og giver fantastiske muligheder for l\u00e6ringsoplevelser.<\/p>\n<p>Gennem \u00e5rene har vi udviklet spil hvor l\u00e6ringen i h\u00f8jere eller mindre grad har v\u00e6ret omdrejningspunktet, alt efter hvilken virkning vi \u00f8nsker at opn\u00e5 med spillet. Herunder, kan du finde eksempler p\u00e5 l\u00e6ringsoplevelser i den lette ende, som f.eks. for DR Ramasjang og MiniMo, mere direkte l\u00e6ringsspil for b\u00f8rn hvor de f.eks. l\u00e6rer at sortere affald, og en mere kompliceret og holistisk l\u00f8sning som tager b\u00f8rnene p\u00e5 en mission om at \u00e6ndre familiens adf\u00e6rd i det virkelige liv, mod en sundere livsstil.<\/p>\n\r\n\t\t<\/div>\r\n\t<\/div><div class=\"eut-background-wrapper\"><\/div><\/div><\/div><\/div><div class=\"eut-background-wrapper\"><\/div><\/div><\/div><div class=\"eut-background-wrapper\"><\/div><\/div><\/div><\/div><\/div><div class=\"eut-background-wrapper\"><\/div><\/div><div class=\"eut-section eut-row-section eut-fullwidth-background eut-padding-top-2x eut-headings-dark eut-link-dark eut-link-hover-dark\" data-tablet-sm-height-ratio=\"0\" data-mobile-height-ratio=\"0\"  style=\"background-color:#fbfaf5;color:#000000;\"><div class=\"eut-container\"><div class=\"eut-row eut-bookmark eut-columns-gap-default eut-mobile-vertical-gap-5\"><div class=\"eut-column wpb_column eut-bookmark eut-column-1-6 eut-tablet-sm-column-1-6\" ><div class=\"eut-column-wrapper\"><div class=\"eut-column-content\" ><\/div><div class=\"eut-background-wrapper\"><\/div><\/div><\/div><div class=\"eut-column wpb_column eut-bookmark eut-column-2-3 eut-tablet-sm-column-2-3 eut-align-center\" ><div class=\"eut-column-wrapper\"><div class=\"eut-column-content\" ><h3 class=\"eut-element eut-title eut-align-center eut-h3 eut-tablet-reset-increase-heading eut-tablet-sm-reset-increase-heading eut-mobile-reset-increase-heading eut-increase-heading eut-heading-160\" style=\"\"><span>CASES<\/span><\/h3><\/div><div class=\"eut-background-wrapper\"><\/div><\/div><\/div><div class=\"eut-column wpb_column eut-bookmark eut-column-1-6 eut-tablet-sm-column-1-6\" ><div class=\"eut-column-wrapper\"><div class=\"eut-column-content\" ><\/div><div class=\"eut-background-wrapper\"><\/div><\/div><\/div><\/div><\/div><div class=\"eut-background-wrapper\"><\/div><\/div><div class=\"eut-section eut-row-section eut-fullwidth eut-padding-top-1x eut-padding-bottom-2x\" data-tablet-sm-height-ratio=\"0\" data-mobile-height-ratio=\"0\"  style=\"background-color:#fbfaf5;color:#000000;\"><div class=\"eut-container\"><div class=\"eut-row eut-bookmark eut-columns-gap-default eut-mobile-vertical-gap-30\"><div class=\"eut-column wpb_column eut-bookmark eut-column-1\"  style=\"color:#000000;\" ><div class=\"eut-column-wrapper portfolio-title\"><div class=\"eut-column-content\" >\t\t\t<div id=\"el-1582818755159-e50104ed-f1c1\" class=\"eut-element eut-with-gap eut-portfolio eut-isotope\" style=\"\" data-display-style=\"\" data-columns=\"3\" data-columns-large-screen=\"3\" data-columns-tablet-landscape=\"3\" data-columns-tablet-portrait=\"3\" data-columns-mobile=\"1\" data-layout=\"fitRows\" data-gutter-size=\"40\">\r\n\t\t\r\n\t\t\t<div class=\"eut-isotope-container\">\r\n\t\t\t\t\t\t\t<article id=\"portfolio-12444-69d766e0ade0e\" class=\"eut-isotope-item eut-portfolio-item  post-12444 portfolio type-portfolio status-publish has-post-thumbnail hentry portfolio_category-games-for-children-family-at-home-da\">\r\n\t\t\t\t\t\t<div class=\"eut-isotope-item-inner eut-hover-item eut-zoom-in eut-hover-style-3\">\r\n\t\t\t\t\t\t\t\t\t\t\t\t\t\t\t\t<figure class=\"eut-image-hover eut-media\">\r\n\t\t\t\t\t\t\t\t\t\t<a class=\"eut-item-url\" href=\"https:\/\/www.seriousgames.net\/da\/portfolio\/ways2sort-app\/\"><span class=\"screen-reader-text\">Ways2Sort<\/span><\/a>\t\t\t\t\t\t\t\t\t\t\t\t\t\t\t\t\t\t\t\t\t<div class=\"eut-bg-dark eut-hover-overlay eut-opacity-80\"><\/div>\r\n\t\t\t\t\t\t\t\t\t\t\t\t\t\t\t\t\t\t\t\t<div class=\"eut-thumbnail-wrapper\"><div class=\"eut-thumbnail\"  style=\"padding-top: 75%;\"><img loading=\"lazy\" decoding=\"async\" width=\"900\" height=\"675\" src=\"https:\/\/www.seriousgames.net\/wp-content\/uploads\/2020\/04\/ways2sort-1-900x675.png\" class=\"attachment-crocal-eutf-medium-rect-horizontal size-crocal-eutf-medium-rect-horizontal\" alt=\"\" data-eutf-filter=\"yes\" srcset=\"https:\/\/www.seriousgames.net\/wp-content\/uploads\/2020\/04\/ways2sort-1-900x675.png 900w, https:\/\/www.seriousgames.net\/wp-content\/uploads\/2020\/04\/ways2sort-1-560x420.png 560w\" sizes=\"auto, (max-width: 900px) 100vw, 900px\" \/><\/div><\/div>\t\t\t\t\t\t\t\t\t\t\t\t\t\t\t\t\t\t\t\t<figcaption class=\"eut-content eut-align-center\">\r\n\t\t\t\t\t\t\t\t\t\t\t\t\t\t\t\t\t\t\t\t\t\t<h3 class=\"eut-title eut-text-white eut-h3\">Ways2Sort<\/h3>\r\n\t\t\t\t\t\t\t\t\t\t\t\t\t\t\t\t\t\t\t\t\t\t\t\t\t\t\t\t\t\t\t\t\t<div class=\"eut-description eut-small-text eut-text-white\">B\u00f8rnerige, Rigshospitalet<\/div>\r\n\t\t\t\t\t\t\t\t\t\t\t\t\t\t\t\t\t\t\t\t\t\t\t\t\t\t\t\t\t\t\t\t<\/figcaption>\r\n\t\t\t\t\t\t\t\t\t\t\t\t\t\t\t\t\t\t\t<\/figure>\r\n\t\t\t\t\t\t\t\t\t\t\t\t\t<\/div>\r\n\t\t\t\t\t<\/article>\r\n\t\t\t\t\t<article id=\"portfolio-12447-69d766e0af1f6\" class=\"eut-isotope-item eut-portfolio-item  post-12447 portfolio type-portfolio status-publish has-post-thumbnail hentry portfolio_category-games-for-children-family-at-home-da\">\r\n\t\t\t\t\t\t<div class=\"eut-isotope-item-inner eut-hover-item eut-zoom-in eut-hover-style-3\">\r\n\t\t\t\t\t\t\t\t\t\t\t\t\t\t\t\t<figure class=\"eut-image-hover eut-media\">\r\n\t\t\t\t\t\t\t\t\t\t<a class=\"eut-item-url\" href=\"https:\/\/www.seriousgames.net\/da\/portfolio\/minimo\/\"><span class=\"screen-reader-text\">Minimo<\/span><\/a>\t\t\t\t\t\t\t\t\t\t\t\t\t\t\t\t\t\t\t\t\t<div class=\"eut-bg-dark eut-hover-overlay eut-opacity-80\"><\/div>\r\n\t\t\t\t\t\t\t\t\t\t\t\t\t\t\t\t\t\t\t\t<div class=\"eut-thumbnail-wrapper\"><div class=\"eut-thumbnail\"  style=\"padding-top: 75%;\"><img loading=\"lazy\" decoding=\"async\" width=\"900\" height=\"675\" src=\"https:\/\/www.seriousgames.net\/wp-content\/uploads\/2020\/04\/MiniMo-Town-for-kids-learning-english-spelling-900x675.png\" class=\"attachment-crocal-eutf-medium-rect-horizontal size-crocal-eutf-medium-rect-horizontal\" alt=\"\" data-eutf-filter=\"yes\" srcset=\"https:\/\/www.seriousgames.net\/wp-content\/uploads\/2020\/04\/MiniMo-Town-for-kids-learning-english-spelling-900x675.png 900w, https:\/\/www.seriousgames.net\/wp-content\/uploads\/2020\/04\/MiniMo-Town-for-kids-learning-english-spelling-560x420.png 560w\" sizes=\"auto, (max-width: 900px) 100vw, 900px\" \/><\/div><\/div>\t\t\t\t\t\t\t\t\t\t\t\t\t\t\t\t\t\t\t\t<figcaption class=\"eut-content eut-align-center\">\r\n\t\t\t\t\t\t\t\t\t\t\t\t\t\t\t\t\t\t\t\t\t\t<h3 class=\"eut-title eut-text-white eut-h3\">Minimo<\/h3>\r\n\t\t\t\t\t\t\t\t\t\t\t\t\t\t\t\t\t\t\t\t\t\t\t\t\t\t\t\t\t\t\t\t\t<div class=\"eut-description eut-small-text eut-text-white\">Minimo<\/div>\r\n\t\t\t\t\t\t\t\t\t\t\t\t\t\t\t\t\t\t\t\t\t\t\t\t\t\t\t\t\t\t\t\t<\/figcaption>\r\n\t\t\t\t\t\t\t\t\t\t\t\t\t\t\t\t\t\t\t<\/figure>\r\n\t\t\t\t\t\t\t\t\t\t\t\t\t<\/div>\r\n\t\t\t\t\t<\/article>\r\n\t\t\t\t\t<article id=\"portfolio-12519-69d766e0b0291\" class=\"eut-isotope-item eut-portfolio-item  post-12519 portfolio type-portfolio status-publish has-post-thumbnail hentry portfolio_category-games-for-children-family-at-home-da\">\r\n\t\t\t\t\t\t<div class=\"eut-isotope-item-inner eut-hover-item eut-zoom-in eut-hover-style-3\">\r\n\t\t\t\t\t\t\t\t\t\t\t\t\t\t\t\t<figure class=\"eut-image-hover eut-media\">\r\n\t\t\t\t\t\t\t\t\t\t<a class=\"eut-item-url\" href=\"https:\/\/www.seriousgames.net\/da\/portfolio\/dr-ramasjang\/\"><span class=\"screen-reader-text\">DR Ramasjang<\/span><\/a>\t\t\t\t\t\t\t\t\t\t\t\t\t\t\t\t\t\t\t\t\t<div class=\"eut-bg-dark eut-hover-overlay eut-opacity-80\"><\/div>\r\n\t\t\t\t\t\t\t\t\t\t\t\t\t\t\t\t\t\t\t\t<div class=\"eut-thumbnail-wrapper\"><div class=\"eut-thumbnail\"  style=\"padding-top: 75%;\"><img loading=\"lazy\" decoding=\"async\" width=\"900\" height=\"675\" src=\"https:\/\/www.seriousgames.net\/wp-content\/uploads\/2020\/04\/dr-ramasjang-1-900x675.png\" class=\"attachment-crocal-eutf-medium-rect-horizontal size-crocal-eutf-medium-rect-horizontal\" alt=\"\" data-eutf-filter=\"yes\" srcset=\"https:\/\/www.seriousgames.net\/wp-content\/uploads\/2020\/04\/dr-ramasjang-1-900x675.png 900w, https:\/\/www.seriousgames.net\/wp-content\/uploads\/2020\/04\/dr-ramasjang-1-560x420.png 560w\" sizes=\"auto, (max-width: 900px) 100vw, 900px\" \/><\/div><\/div>\t\t\t\t\t\t\t\t\t\t\t\t\t\t\t\t\t\t\t\t<figcaption class=\"eut-content eut-align-center\">\r\n\t\t\t\t\t\t\t\t\t\t\t\t\t\t\t\t\t\t\t\t\t\t<h3 class=\"eut-title eut-text-white eut-h3\">DR Ramasjang<\/h3>\r\n\t\t\t\t\t\t\t\t\t\t\t\t\t\t\t\t\t\t\t\t\t\t\t\t\t\t\t\t\t\t\t\t\t<div class=\"eut-description eut-small-text eut-text-white\">DR Ramasjang<\/div>\r\n\t\t\t\t\t\t\t\t\t\t\t\t\t\t\t\t\t\t\t\t\t\t\t\t\t\t\t\t\t\t\t\t<\/figcaption>\r\n\t\t\t\t\t\t\t\t\t\t\t\t\t\t\t\t\t\t\t<\/figure>\r\n\t\t\t\t\t\t\t\t\t\t\t\t\t<\/div>\r\n\t\t\t\t\t<\/article>\r\n\t\t\t\t\t<article id=\"portfolio-12524-69d766e0b19ba\" class=\"eut-isotope-item eut-portfolio-item  post-12524 portfolio type-portfolio status-publish has-post-thumbnail hentry portfolio_category-games-for-children-family-at-home-da\">\r\n\t\t\t\t\t\t<div class=\"eut-isotope-item-inner eut-hover-item eut-zoom-in eut-hover-style-3\">\r\n\t\t\t\t\t\t\t\t\t\t\t\t\t\t\t\t<figure class=\"eut-image-hover eut-media\">\r\n\t\t\t\t\t\t\t\t\t\t<a class=\"eut-item-url\" href=\"https:\/\/www.seriousgames.net\/da\/portfolio\/bornerige-rigshospitalet-mit-foelgedyr\/\"><span class=\"screen-reader-text\">Mit F\u00f8lgedyr<\/span><\/a>\t\t\t\t\t\t\t\t\t\t\t\t\t\t\t\t\t\t\t\t\t<div class=\"eut-bg-dark eut-hover-overlay eut-opacity-80\"><\/div>\r\n\t\t\t\t\t\t\t\t\t\t\t\t\t\t\t\t\t\t\t\t<div class=\"eut-thumbnail-wrapper\"><div class=\"eut-thumbnail\"  style=\"padding-top: 75%;\"><img loading=\"lazy\" decoding=\"async\" width=\"900\" height=\"675\" src=\"https:\/\/www.seriousgames.net\/wp-content\/uploads\/2020\/05\/My-Companion-Teddy-bear-digital-game-900x675.png\" class=\"attachment-crocal-eutf-medium-rect-horizontal size-crocal-eutf-medium-rect-horizontal\" alt=\"\" data-eutf-filter=\"yes\" srcset=\"https:\/\/www.seriousgames.net\/wp-content\/uploads\/2020\/05\/My-Companion-Teddy-bear-digital-game-900x675.png 900w, https:\/\/www.seriousgames.net\/wp-content\/uploads\/2020\/05\/My-Companion-Teddy-bear-digital-game-560x420.png 560w\" sizes=\"auto, (max-width: 900px) 100vw, 900px\" \/><\/div><\/div>\t\t\t\t\t\t\t\t\t\t\t\t\t\t\t\t\t\t\t\t<figcaption class=\"eut-content eut-align-center\">\r\n\t\t\t\t\t\t\t\t\t\t\t\t\t\t\t\t\t\t\t\t\t\t<h3 class=\"eut-title eut-text-white eut-h3\">Mit F\u00f8lgedyr<\/h3>\r\n\t\t\t\t\t\t\t\t\t\t\t\t\t\t\t\t\t\t\t\t\t\t\t\t\t\t\t\t\t\t\t\t\t<div class=\"eut-description eut-small-text eut-text-white\">B\u00f8rnerige, Rigshospitalet<\/div>\r\n\t\t\t\t\t\t\t\t\t\t\t\t\t\t\t\t\t\t\t\t\t\t\t\t\t\t\t\t\t\t\t\t<\/figcaption>\r\n\t\t\t\t\t\t\t\t\t\t\t\t\t\t\t\t\t\t\t<\/figure>\r\n\t\t\t\t\t\t\t\t\t\t\t\t\t<\/div>\r\n\t\t\t\t\t<\/article>\r\n\t\t\t\t<\/div>\r\n\t<\/div>\r\n\t\t<\/div><div class=\"eut-background-wrapper\"><\/div><\/div><\/div><\/div><\/div><div class=\"eut-background-wrapper\"><\/div><\/div><div class=\"eut-section eut-row-section eut-fullwidth-background eut-padding-top-3x eut-padding-bottom-1x eut-headings-dark eut-link-dark eut-link-hover-dark\" data-tablet-sm-height-ratio=\"0\" data-mobile-height-ratio=\"0\"  style=\"color:#000000;\"><div class=\"eut-container\"><div class=\"eut-row eut-bookmark eut-columns-gap-default eut-mobile-vertical-gap-30\"><div class=\"eut-column wpb_column eut-bookmark eut-column-1-6 eut-tablet-sm-column-1-6\" ><div class=\"eut-column-wrapper\"><div class=\"eut-column-content\" ><\/div><div class=\"eut-background-wrapper\"><\/div><\/div><\/div><div class=\"eut-column wpb_column eut-bookmark eut-column-2-3 eut-tablet-sm-column-2-3 eut-align-center\" ><div class=\"eut-column-wrapper\"><div class=\"eut-column-content\" ><h3 class=\"eut-element eut-title eut-align-center eut-h3 eut-increase-heading eut-heading-160\" style=\"\"><span>VIL DU SE FLERE L\u00c6RINGSSPIL?<\/span><\/h3><div class=\"eut-element eut-align-center eut-animated-item eut-fade-in-up eut-duration-normal\" data-delay=\"400\"><a href=\"https:\/\/www.seriousgames.net\/da\/born-undervisning\/spil-til-skoler\/\" title=\"Spil til skoler\" class=\"eut-btn eut-btn-large eut-square eut-bg-black eut-bg-hover-black eut-btn-line\"><span>SPIL TIL SKOLER<\/span><\/a><\/div><\/div><div class=\"eut-background-wrapper\"><\/div><\/div><\/div><div class=\"eut-column wpb_column eut-bookmark eut-column-1-6 eut-tablet-sm-column-1-6\" ><div class=\"eut-column-wrapper\"><div class=\"eut-column-content\" ><\/div><div class=\"eut-background-wrapper\"><\/div><\/div><\/div><\/div><\/div><div class=\"eut-background-wrapper\"><\/div><\/div>\n","protected":false},"excerpt":{"rendered":"Mit F\u00f8lgedyr Videnskabelige studier peger p\u00e5 en signifikant reduktion af stress ved brug af denne app. Derfor blev projektet rullet ud i 2019 som en offentlig app, der var er tilg\u00e6ngelig for sundhedspersonale og b\u00f8rn p\u00e5 hospitalerne. KUNDE B\u00f8rneRiget, Rigshospitalet PLATFORM App L\u00c6RINGSM\u00c5L Reducere angst og stress ALDERSGRUPPE 4-10 \u00e5r Digitale \u00f8velser der reducerer stress [...]","protected":false},"author":1,"featured_media":0,"parent":11381,"menu_order":0,"comment_status":"closed","ping_status":"closed","template":"","meta":{"footnotes":""},"class_list":["post-11729","page","type-page","status-publish","hentry"],"yoast_head":"<!-- This site is optimized with the Yoast SEO Premium plugin v25.3.1 (Yoast SEO v26.9) - https:\/\/yoast.com\/product\/yoast-seo-premium-wordpress\/ -->\n<title>Spil til b\u00f8rn &amp; familier i stuen - Serious Games Interactive<\/title>\n<meta name=\"robots\" content=\"index, follow, max-snippet:-1, max-image-preview:large, max-video-preview:-1\" \/>\n<link rel=\"canonical\" href=\"https:\/\/www.seriousgames.net\/da\/born-undervisning\/spil-til-born-familier\/\" \/>\n<meta property=\"og:locale\" content=\"da_DK\" \/>\n<meta property=\"og:type\" content=\"article\" \/>\n<meta property=\"og:title\" content=\"Spil til b\u00f8rn &amp; familier i stuen\" \/>\n<meta property=\"og:url\" content=\"https:\/\/www.seriousgames.net\/da\/born-undervisning\/spil-til-born-familier\/\" \/>\n<meta property=\"og:site_name\" content=\"Serious Games Interactive\" \/>\n<meta property=\"article:publisher\" content=\"https:\/\/www.facebook.com\/seriousgames\" \/>\n<meta property=\"article:modified_time\" content=\"2024-11-11T15:17:31+00:00\" \/>\n<meta name=\"twitter:card\" content=\"summary_large_image\" \/>\n<meta name=\"twitter:site\" content=\"@SeriousGamesInt\" \/>\n<meta name=\"twitter:label1\" content=\"Estimeret l\u00e6setid\" \/>\n\t<meta name=\"twitter:data1\" content=\"2 minutter\" \/>\n<script type=\"application\/ld+json\" class=\"yoast-schema-graph\">{\"@context\":\"https:\/\/schema.org\",\"@graph\":[{\"@type\":\"WebPage\",\"@id\":\"https:\/\/www.seriousgames.net\/da\/born-undervisning\/spil-til-born-familier\/\",\"url\":\"https:\/\/www.seriousgames.net\/da\/born-undervisning\/spil-til-born-familier\/\",\"name\":\"Spil til b\u00f8rn & familier i stuen - Serious Games Interactive\",\"isPartOf\":{\"@id\":\"https:\/\/www.seriousgames.net\/da\/#website\"},\"datePublished\":\"2020-04-02T08:23:51+00:00\",\"dateModified\":\"2024-11-11T15:17:31+00:00\",\"breadcrumb\":{\"@id\":\"https:\/\/www.seriousgames.net\/da\/born-undervisning\/spil-til-born-familier\/#breadcrumb\"},\"inLanguage\":\"da-DK\",\"potentialAction\":[{\"@type\":\"ReadAction\",\"target\":[\"https:\/\/www.seriousgames.net\/da\/born-undervisning\/spil-til-born-familier\/\"]}]},{\"@type\":\"BreadcrumbList\",\"@id\":\"https:\/\/www.seriousgames.net\/da\/born-undervisning\/spil-til-born-familier\/#breadcrumb\",\"itemListElement\":[{\"@type\":\"ListItem\",\"position\":1,\"name\":\"Home\",\"item\":\"https:\/\/www.seriousgames.net\/da\/\"},{\"@type\":\"ListItem\",\"position\":2,\"name\":\"B\u00f8rn &#038; Undervisning\",\"item\":\"https:\/\/www.seriousgames.net\/da\/born-undervisning\/\"},{\"@type\":\"ListItem\",\"position\":3,\"name\":\"Spil til b\u00f8rn &#038; familier i stuen\"}]},{\"@type\":\"WebSite\",\"@id\":\"https:\/\/www.seriousgames.net\/da\/#website\",\"url\":\"https:\/\/www.seriousgames.net\/da\/\",\"name\":\"Serious Games Interactive\",\"description\":\"Developer of educational games for companies and organizations\",\"publisher\":{\"@id\":\"https:\/\/www.seriousgames.net\/da\/#organization\"},\"potentialAction\":[{\"@type\":\"SearchAction\",\"target\":{\"@type\":\"EntryPoint\",\"urlTemplate\":\"https:\/\/www.seriousgames.net\/da\/?s={search_term_string}\"},\"query-input\":{\"@type\":\"PropertyValueSpecification\",\"valueRequired\":true,\"valueName\":\"search_term_string\"}}],\"inLanguage\":\"da-DK\"},{\"@type\":\"Organization\",\"@id\":\"https:\/\/www.seriousgames.net\/da\/#organization\",\"name\":\"Serious Games Interactive\",\"url\":\"https:\/\/www.seriousgames.net\/da\/\",\"logo\":{\"@type\":\"ImageObject\",\"inLanguage\":\"da-DK\",\"@id\":\"https:\/\/www.seriousgames.net\/da\/#\/schema\/logo\/image\/\",\"url\":\"https:\/\/www.seriousgames.net\/wp-content\/uploads\/2020\/02\/SGI_logo-400x400-1.png\",\"contentUrl\":\"https:\/\/www.seriousgames.net\/wp-content\/uploads\/2020\/02\/SGI_logo-400x400-1.png\",\"width\":400,\"height\":400,\"caption\":\"Serious Games Interactive\"},\"image\":{\"@id\":\"https:\/\/www.seriousgames.net\/da\/#\/schema\/logo\/image\/\"},\"sameAs\":[\"https:\/\/www.facebook.com\/seriousgames\",\"https:\/\/x.com\/SeriousGamesInt\",\"https:\/\/www.linkedin.com\/company\/serious-games-interactive\/\"]}]}<\/script>\n<!-- \/ Yoast SEO Premium plugin. -->","yoast_head_json":{"title":"Spil til b\u00f8rn & familier i stuen - Serious Games Interactive","robots":{"index":"index","follow":"follow","max-snippet":"max-snippet:-1","max-image-preview":"max-image-preview:large","max-video-preview":"max-video-preview:-1"},"canonical":"https:\/\/www.seriousgames.net\/da\/born-undervisning\/spil-til-born-familier\/","og_locale":"da_DK","og_type":"article","og_title":"Spil til b\u00f8rn & familier i stuen","og_url":"https:\/\/www.seriousgames.net\/da\/born-undervisning\/spil-til-born-familier\/","og_site_name":"Serious Games Interactive","article_publisher":"https:\/\/www.facebook.com\/seriousgames","article_modified_time":"2024-11-11T15:17:31+00:00","twitter_card":"summary_large_image","twitter_site":"@SeriousGamesInt","twitter_misc":{"Estimeret l\u00e6setid":"2 minutter"},"schema":{"@context":"https:\/\/schema.org","@graph":[{"@type":"WebPage","@id":"https:\/\/www.seriousgames.net\/da\/born-undervisning\/spil-til-born-familier\/","url":"https:\/\/www.seriousgames.net\/da\/born-undervisning\/spil-til-born-familier\/","name":"Spil til b\u00f8rn & familier i stuen - Serious Games Interactive","isPartOf":{"@id":"https:\/\/www.seriousgames.net\/da\/#website"},"datePublished":"2020-04-02T08:23:51+00:00","dateModified":"2024-11-11T15:17:31+00:00","breadcrumb":{"@id":"https:\/\/www.seriousgames.net\/da\/born-undervisning\/spil-til-born-familier\/#breadcrumb"},"inLanguage":"da-DK","potentialAction":[{"@type":"ReadAction","target":["https:\/\/www.seriousgames.net\/da\/born-undervisning\/spil-til-born-familier\/"]}]},{"@type":"BreadcrumbList","@id":"https:\/\/www.seriousgames.net\/da\/born-undervisning\/spil-til-born-familier\/#breadcrumb","itemListElement":[{"@type":"ListItem","position":1,"name":"Home","item":"https:\/\/www.seriousgames.net\/da\/"},{"@type":"ListItem","position":2,"name":"B\u00f8rn &#038; Undervisning","item":"https:\/\/www.seriousgames.net\/da\/born-undervisning\/"},{"@type":"ListItem","position":3,"name":"Spil til b\u00f8rn &#038; familier i stuen"}]},{"@type":"WebSite","@id":"https:\/\/www.seriousgames.net\/da\/#website","url":"https:\/\/www.seriousgames.net\/da\/","name":"Serious Games Interactive","description":"Developer of educational games for companies and organizations","publisher":{"@id":"https:\/\/www.seriousgames.net\/da\/#organization"},"potentialAction":[{"@type":"SearchAction","target":{"@type":"EntryPoint","urlTemplate":"https:\/\/www.seriousgames.net\/da\/?s={search_term_string}"},"query-input":{"@type":"PropertyValueSpecification","valueRequired":true,"valueName":"search_term_string"}}],"inLanguage":"da-DK"},{"@type":"Organization","@id":"https:\/\/www.seriousgames.net\/da\/#organization","name":"Serious Games Interactive","url":"https:\/\/www.seriousgames.net\/da\/","logo":{"@type":"ImageObject","inLanguage":"da-DK","@id":"https:\/\/www.seriousgames.net\/da\/#\/schema\/logo\/image\/","url":"https:\/\/www.seriousgames.net\/wp-content\/uploads\/2020\/02\/SGI_logo-400x400-1.png","contentUrl":"https:\/\/www.seriousgames.net\/wp-content\/uploads\/2020\/02\/SGI_logo-400x400-1.png","width":400,"height":400,"caption":"Serious Games Interactive"},"image":{"@id":"https:\/\/www.seriousgames.net\/da\/#\/schema\/logo\/image\/"},"sameAs":["https:\/\/www.facebook.com\/seriousgames","https:\/\/x.com\/SeriousGamesInt","https:\/\/www.linkedin.com\/company\/serious-games-interactive\/"]}]}},"_links":{"self":[{"href":"https:\/\/www.seriousgames.net\/da\/wp-json\/wp\/v2\/pages\/11729","targetHints":{"allow":["GET"]}}],"collection":[{"href":"https:\/\/www.seriousgames.net\/da\/wp-json\/wp\/v2\/pages"}],"about":[{"href":"https:\/\/www.seriousgames.net\/da\/wp-json\/wp\/v2\/types\/page"}],"author":[{"embeddable":true,"href":"https:\/\/www.seriousgames.net\/da\/wp-json\/wp\/v2\/users\/1"}],"replies":[{"embeddable":true,"href":"https:\/\/www.seriousgames.net\/da\/wp-json\/wp\/v2\/comments?post=11729"}],"version-history":[{"count":12,"href":"https:\/\/www.seriousgames.net\/da\/wp-json\/wp\/v2\/pages\/11729\/revisions"}],"predecessor-version":[{"id":49511,"href":"https:\/\/www.seriousgames.net\/da\/wp-json\/wp\/v2\/pages\/11729\/revisions\/49511"}],"up":[{"embeddable":true,"href":"https:\/\/www.seriousgames.net\/da\/wp-json\/wp\/v2\/pages\/11381"}],"wp:attachment":[{"href":"https:\/\/www.seriousgames.net\/da\/wp-json\/wp\/v2\/media?parent=11729"}],"curies":[{"name":"wp","href":"https:\/\/api.w.org\/{rel}","templated":true}]}}