{"id":11115,"date":"2020-03-01T14:46:43","date_gmt":"2020-03-01T14:46:43","guid":{"rendered":"https:\/\/www.seriousgames.net\/om-os\/simon-egenfeldt-nielsen\/"},"modified":"2025-02-04T15:06:49","modified_gmt":"2025-02-04T15:06:49","slug":"simon-egenfeldt-nielsen","status":"publish","type":"page","link":"https:\/\/www.seriousgames.net\/da\/om-os\/simon-egenfeldt-nielsen\/","title":{"rendered":"Simon Egenfeldt-Nielsen"},"content":{"rendered":"<div class=\"eut-section eut-row-section eut-fullwidth-background eut-padding-top-3x eut-padding-bottom-5x\" data-tablet-sm-height-ratio=\"0\" data-mobile-height-ratio=\"0\"  style=\"background-color:#ffffff;color:#000000;\"><div class=\"eut-container\"><div class=\"eut-row eut-bookmark eut-columns-gap-default eut-mobile-vertical-gap-30\"><div class=\"eut-column wpb_column eut-bookmark eut-column-1\" ><div class=\"eut-column-wrapper\"><div class=\"eut-column-content\" ><div class=\"eut-inner-section eut-bookmark showreel-big eut-padding-top-2x eut-padding-bottom-1x eut-equal-columns\" data-tablet-sm-height-ratio=\"0\" data-mobile-height-ratio=\"0\"><div class=\"eut-row-inner eut-columns-gap-60 eut-mobile-vertical-gap-30\"><div class=\"eut-column-inner wpb_column eut-bookmark eut-column-1-3 eut-tablet-sm-column-1 eut-tablet-sm-align-center eut-mobile-align-center\" ><div class=\"eut-column-wrapper-inner\"><div class=\"eut-column-inner-content\" ><div class=\"eut-element eut-image eut-align-center\" style=\"\"><div class=\"eut-image-wrapper eut-popup-item\" style=\"max-width:1500px;\"><div class=\"eut-thumbnail-wrapper\"  style=\"max-width: 1500px;\"><div class=\"eut-thumbnail\"  style=\"padding-top: 100%;\"><img loading=\"lazy\" decoding=\"async\" width=\"1500\" height=\"1500\" src=\"https:\/\/www.seriousgames.net\/wp-content\/uploads\/2024\/10\/profile_sen.png\" class=\"attachment-full size-full\" alt=\"\" data-eutf-filter=\"yes\" srcset=\"https:\/\/www.seriousgames.net\/wp-content\/uploads\/2024\/10\/profile_sen.png 1500w, https:\/\/www.seriousgames.net\/wp-content\/uploads\/2024\/10\/profile_sen-768x768.png 768w, https:\/\/www.seriousgames.net\/wp-content\/uploads\/2024\/10\/profile_sen-560x560.png 560w, https:\/\/www.seriousgames.net\/wp-content\/uploads\/2024\/10\/profile_sen-900x900.png 900w\" sizes=\"auto, (max-width: 1500px) 100vw, 1500px\" \/><\/div><\/div>  <\/div><\/div><\/div><div class=\"eut-background-wrapper\"><\/div><\/div><\/div><div class=\"eut-column-inner wpb_column eut-bookmark eut-column-2-3 eut-tablet-sm-column-1\" ><div class=\"eut-column-wrapper-inner\"><div class=\"eut-column-inner-content\" ><h3 class=\"eut-element eut-title eut-align-left eut-h6\" style=\"margin-bottom: 0px;\"><span>Simon Egenfeldt-Nielsen<\/span><\/h3><div class=\"eut-element eut-text vc_custom_1622187463573\">\r\n\t\t\t<p>CEO, PHD, MA PSYKOLOGI<\/p>\n\r\n\t\t<\/div>\r\n\t<div class=\"eut-element eut-text\">\r\n\t\t\t<p>P\u00e5 et st\u00e6rkt fundament af forskning og teori, grundlagde Simon Egenfeldt-Nielsen (cand.psych, ph.d., adjunkt) Serious Games Interactive i 2005 &#8211; for at skabe nye banebrydende projekter baseret p\u00e5 samspillet mellem teori og praksis. Han st\u00e5r bag en r\u00e6kke internationale b\u00f8ger om emnet, har v\u00e6ret keynote speaker til utallige arrangementer i spilindustrien, og har v\u00e6ret involveret i mere end 20 prisvindende produktioner. Simon tr\u00e6kker p\u00e5 sin \u00e5rtiers lange erfaring med l\u00e6ring og spil, n\u00e5r han unders\u00f8ger, afgr\u00e6nser, konceptualiserer og udvikler, projekter der skaber forandring og g\u00f8r en forskel.<\/p>\n<p><strong><a href=\"mailto:sen@seriousgames.net\" target=\"_blank\" rel=\"noopener\">sen@seriousgames.net<\/a><\/strong><\/p>\n<p><strong><a href=\"https:\/\/www.linkedin.com\/in\/egenfeldt\" target=\"_blank\" rel=\"noopener noreferrer\">LinkedIn<\/a><\/strong><\/p>\n\r\n\t\t<\/div>\r\n\t<\/div><div class=\"eut-background-wrapper\"><\/div><\/div><\/div><\/div><div class=\"eut-background-wrapper\"><\/div><\/div><\/div><div class=\"eut-background-wrapper\"><\/div><\/div><\/div><\/div><\/div><div class=\"eut-background-wrapper\"><\/div><\/div>\n","protected":false},"excerpt":{"rendered":"Simon Egenfeldt-Nielsen CEO, PHD, MA PSYKOLOGI P\u00e5 et st\u00e6rkt fundament af forskning og teori, grundlagde Simon Egenfeldt-Nielsen (cand.psych, ph.d., adjunkt) Serious Games Interactive i 2005 - for at skabe nye banebrydende projekter baseret p\u00e5 samspillet mellem teori og praksis. Han st\u00e5r bag en r\u00e6kke internationale b\u00f8ger om emnet, har v\u00e6ret keynote speaker til utallige arrangementer [...]","protected":false},"author":1,"featured_media":0,"parent":10728,"menu_order":0,"comment_status":"closed","ping_status":"closed","template":"","meta":{"footnotes":""},"class_list":["post-11115","page","type-page","status-publish","hentry"],"yoast_head":"<!-- This site is optimized with the Yoast SEO Premium plugin v25.3.1 (Yoast SEO v26.9) - https:\/\/yoast.com\/product\/yoast-seo-premium-wordpress\/ -->\n<title>Simon Egenfeldt-Nielsen - Serious Games Interactive<\/title>\n<meta name=\"robots\" content=\"index, follow, max-snippet:-1, max-image-preview:large, max-video-preview:-1\" \/>\n<link rel=\"canonical\" href=\"https:\/\/www.seriousgames.net\/da\/om-os\/simon-egenfeldt-nielsen\/\" \/>\n<meta property=\"og:locale\" content=\"da_DK\" \/>\n<meta property=\"og:type\" content=\"article\" \/>\n<meta property=\"og:title\" content=\"Simon Egenfeldt-Nielsen\" \/>\n<meta property=\"og:url\" content=\"https:\/\/www.seriousgames.net\/da\/om-os\/simon-egenfeldt-nielsen\/\" \/>\n<meta property=\"og:site_name\" content=\"Serious Games Interactive\" \/>\n<meta property=\"article:publisher\" content=\"https:\/\/www.facebook.com\/seriousgames\" \/>\n<meta property=\"article:modified_time\" content=\"2025-02-04T15:06:49+00:00\" \/>\n<meta name=\"twitter:card\" content=\"summary_large_image\" \/>\n<meta name=\"twitter:site\" content=\"@SeriousGamesInt\" \/>\n<meta name=\"twitter:label1\" content=\"Estimeret l\u00e6setid\" \/>\n\t<meta name=\"twitter:data1\" content=\"1 minut\" \/>\n<script type=\"application\/ld+json\" class=\"yoast-schema-graph\">{\"@context\":\"https:\/\/schema.org\",\"@graph\":[{\"@type\":\"WebPage\",\"@id\":\"https:\/\/www.seriousgames.net\/da\/om-os\/simon-egenfeldt-nielsen\/\",\"url\":\"https:\/\/www.seriousgames.net\/da\/om-os\/simon-egenfeldt-nielsen\/\",\"name\":\"Simon Egenfeldt-Nielsen - Serious Games Interactive\",\"isPartOf\":{\"@id\":\"https:\/\/www.seriousgames.net\/da\/#website\"},\"datePublished\":\"2020-03-01T14:46:43+00:00\",\"dateModified\":\"2025-02-04T15:06:49+00:00\",\"breadcrumb\":{\"@id\":\"https:\/\/www.seriousgames.net\/da\/om-os\/simon-egenfeldt-nielsen\/#breadcrumb\"},\"inLanguage\":\"da-DK\",\"potentialAction\":[{\"@type\":\"ReadAction\",\"target\":[\"https:\/\/www.seriousgames.net\/da\/om-os\/simon-egenfeldt-nielsen\/\"]}]},{\"@type\":\"BreadcrumbList\",\"@id\":\"https:\/\/www.seriousgames.net\/da\/om-os\/simon-egenfeldt-nielsen\/#breadcrumb\",\"itemListElement\":[{\"@type\":\"ListItem\",\"position\":1,\"name\":\"Home\",\"item\":\"https:\/\/www.seriousgames.net\/da\/\"},{\"@type\":\"ListItem\",\"position\":2,\"name\":\"Om Os\",\"item\":\"https:\/\/www.seriousgames.net\/da\/om-os\/\"},{\"@type\":\"ListItem\",\"position\":3,\"name\":\"Simon Egenfeldt-Nielsen\"}]},{\"@type\":\"WebSite\",\"@id\":\"https:\/\/www.seriousgames.net\/da\/#website\",\"url\":\"https:\/\/www.seriousgames.net\/da\/\",\"name\":\"Serious Games Interactive\",\"description\":\"Developer of educational games for companies and organizations\",\"publisher\":{\"@id\":\"https:\/\/www.seriousgames.net\/da\/#organization\"},\"potentialAction\":[{\"@type\":\"SearchAction\",\"target\":{\"@type\":\"EntryPoint\",\"urlTemplate\":\"https:\/\/www.seriousgames.net\/da\/?s={search_term_string}\"},\"query-input\":{\"@type\":\"PropertyValueSpecification\",\"valueRequired\":true,\"valueName\":\"search_term_string\"}}],\"inLanguage\":\"da-DK\"},{\"@type\":\"Organization\",\"@id\":\"https:\/\/www.seriousgames.net\/da\/#organization\",\"name\":\"Serious Games Interactive\",\"url\":\"https:\/\/www.seriousgames.net\/da\/\",\"logo\":{\"@type\":\"ImageObject\",\"inLanguage\":\"da-DK\",\"@id\":\"https:\/\/www.seriousgames.net\/da\/#\/schema\/logo\/image\/\",\"url\":\"https:\/\/www.seriousgames.net\/wp-content\/uploads\/2020\/02\/SGI_logo-400x400-1.png\",\"contentUrl\":\"https:\/\/www.seriousgames.net\/wp-content\/uploads\/2020\/02\/SGI_logo-400x400-1.png\",\"width\":400,\"height\":400,\"caption\":\"Serious Games Interactive\"},\"image\":{\"@id\":\"https:\/\/www.seriousgames.net\/da\/#\/schema\/logo\/image\/\"},\"sameAs\":[\"https:\/\/www.facebook.com\/seriousgames\",\"https:\/\/x.com\/SeriousGamesInt\",\"https:\/\/www.linkedin.com\/company\/serious-games-interactive\/\"]}]}<\/script>\n<!-- \/ Yoast SEO Premium plugin. -->","yoast_head_json":{"title":"Simon Egenfeldt-Nielsen - Serious Games Interactive","robots":{"index":"index","follow":"follow","max-snippet":"max-snippet:-1","max-image-preview":"max-image-preview:large","max-video-preview":"max-video-preview:-1"},"canonical":"https:\/\/www.seriousgames.net\/da\/om-os\/simon-egenfeldt-nielsen\/","og_locale":"da_DK","og_type":"article","og_title":"Simon Egenfeldt-Nielsen","og_url":"https:\/\/www.seriousgames.net\/da\/om-os\/simon-egenfeldt-nielsen\/","og_site_name":"Serious Games Interactive","article_publisher":"https:\/\/www.facebook.com\/seriousgames","article_modified_time":"2025-02-04T15:06:49+00:00","twitter_card":"summary_large_image","twitter_site":"@SeriousGamesInt","twitter_misc":{"Estimeret l\u00e6setid":"1 minut"},"schema":{"@context":"https:\/\/schema.org","@graph":[{"@type":"WebPage","@id":"https:\/\/www.seriousgames.net\/da\/om-os\/simon-egenfeldt-nielsen\/","url":"https:\/\/www.seriousgames.net\/da\/om-os\/simon-egenfeldt-nielsen\/","name":"Simon Egenfeldt-Nielsen - Serious Games Interactive","isPartOf":{"@id":"https:\/\/www.seriousgames.net\/da\/#website"},"datePublished":"2020-03-01T14:46:43+00:00","dateModified":"2025-02-04T15:06:49+00:00","breadcrumb":{"@id":"https:\/\/www.seriousgames.net\/da\/om-os\/simon-egenfeldt-nielsen\/#breadcrumb"},"inLanguage":"da-DK","potentialAction":[{"@type":"ReadAction","target":["https:\/\/www.seriousgames.net\/da\/om-os\/simon-egenfeldt-nielsen\/"]}]},{"@type":"BreadcrumbList","@id":"https:\/\/www.seriousgames.net\/da\/om-os\/simon-egenfeldt-nielsen\/#breadcrumb","itemListElement":[{"@type":"ListItem","position":1,"name":"Home","item":"https:\/\/www.seriousgames.net\/da\/"},{"@type":"ListItem","position":2,"name":"Om Os","item":"https:\/\/www.seriousgames.net\/da\/om-os\/"},{"@type":"ListItem","position":3,"name":"Simon Egenfeldt-Nielsen"}]},{"@type":"WebSite","@id":"https:\/\/www.seriousgames.net\/da\/#website","url":"https:\/\/www.seriousgames.net\/da\/","name":"Serious Games Interactive","description":"Developer of educational games for companies and organizations","publisher":{"@id":"https:\/\/www.seriousgames.net\/da\/#organization"},"potentialAction":[{"@type":"SearchAction","target":{"@type":"EntryPoint","urlTemplate":"https:\/\/www.seriousgames.net\/da\/?s={search_term_string}"},"query-input":{"@type":"PropertyValueSpecification","valueRequired":true,"valueName":"search_term_string"}}],"inLanguage":"da-DK"},{"@type":"Organization","@id":"https:\/\/www.seriousgames.net\/da\/#organization","name":"Serious Games Interactive","url":"https:\/\/www.seriousgames.net\/da\/","logo":{"@type":"ImageObject","inLanguage":"da-DK","@id":"https:\/\/www.seriousgames.net\/da\/#\/schema\/logo\/image\/","url":"https:\/\/www.seriousgames.net\/wp-content\/uploads\/2020\/02\/SGI_logo-400x400-1.png","contentUrl":"https:\/\/www.seriousgames.net\/wp-content\/uploads\/2020\/02\/SGI_logo-400x400-1.png","width":400,"height":400,"caption":"Serious Games Interactive"},"image":{"@id":"https:\/\/www.seriousgames.net\/da\/#\/schema\/logo\/image\/"},"sameAs":["https:\/\/www.facebook.com\/seriousgames","https:\/\/x.com\/SeriousGamesInt","https:\/\/www.linkedin.com\/company\/serious-games-interactive\/"]}]}},"_links":{"self":[{"href":"https:\/\/www.seriousgames.net\/da\/wp-json\/wp\/v2\/pages\/11115","targetHints":{"allow":["GET"]}}],"collection":[{"href":"https:\/\/www.seriousgames.net\/da\/wp-json\/wp\/v2\/pages"}],"about":[{"href":"https:\/\/www.seriousgames.net\/da\/wp-json\/wp\/v2\/types\/page"}],"author":[{"embeddable":true,"href":"https:\/\/www.seriousgames.net\/da\/wp-json\/wp\/v2\/users\/1"}],"replies":[{"embeddable":true,"href":"https:\/\/www.seriousgames.net\/da\/wp-json\/wp\/v2\/comments?post=11115"}],"version-history":[{"count":9,"href":"https:\/\/www.seriousgames.net\/da\/wp-json\/wp\/v2\/pages\/11115\/revisions"}],"predecessor-version":[{"id":50841,"href":"https:\/\/www.seriousgames.net\/da\/wp-json\/wp\/v2\/pages\/11115\/revisions\/50841"}],"up":[{"embeddable":true,"href":"https:\/\/www.seriousgames.net\/da\/wp-json\/wp\/v2\/pages\/10728"}],"wp:attachment":[{"href":"https:\/\/www.seriousgames.net\/da\/wp-json\/wp\/v2\/media?parent=11115"}],"curies":[{"name":"wp","href":"https:\/\/api.w.org\/{rel}","templated":true}]}}