{"id":11093,"date":"2020-03-16T15:45:40","date_gmt":"2020-03-16T15:45:40","guid":{"rendered":"https:\/\/www.seriousgames.net\/om-os\/martin-barmann\/"},"modified":"2021-05-28T07:27:08","modified_gmt":"2021-05-28T07:27:08","slug":"martin-barmann","status":"publish","type":"page","link":"https:\/\/www.seriousgames.net\/da\/om-os\/martin-barmann\/","title":{"rendered":"Martin B\u00e4rmann"},"content":{"rendered":"<div class=\"eut-section eut-row-section eut-fullwidth-background eut-padding-top-3x eut-padding-bottom-5x\" data-tablet-sm-height-ratio=\"0\" data-mobile-height-ratio=\"0\"  style=\"background-color:#ffffff;color:#000000;\"><div class=\"eut-container\"><div class=\"eut-row eut-bookmark eut-columns-gap-default eut-mobile-vertical-gap-30\"><div class=\"eut-column wpb_column eut-bookmark eut-column-1\" ><div class=\"eut-column-wrapper\"><div class=\"eut-column-content\" ><div class=\"eut-inner-section eut-bookmark showreel-big eut-padding-top-2x eut-padding-bottom-1x eut-equal-columns\" data-tablet-sm-height-ratio=\"0\" data-mobile-height-ratio=\"0\"><div class=\"eut-row-inner eut-columns-gap-60 eut-mobile-vertical-gap-30\"><div class=\"eut-column-inner wpb_column eut-bookmark eut-column-1-3 eut-tablet-sm-column-1 eut-tablet-sm-align-center eut-mobile-align-center\" ><div class=\"eut-column-wrapper-inner\"><div class=\"eut-column-inner-content\" ><div class=\"eut-element eut-image eut-align-center\" style=\"\"><div class=\"eut-image-wrapper eut-popup-item\" style=\"max-width:800px;\"><div class=\"eut-thumbnail-wrapper\"  style=\"max-width: 800px;\"><div class=\"eut-thumbnail\"  style=\"padding-top: 100%;\"><img loading=\"lazy\" decoding=\"async\" width=\"800\" height=\"800\" src=\"https:\/\/www.seriousgames.net\/wp-content\/uploads\/2021\/02\/profile_mba.png\" class=\"attachment-full size-full\" alt=\"\" data-eutf-filter=\"yes\" srcset=\"https:\/\/www.seriousgames.net\/wp-content\/uploads\/2021\/02\/profile_mba.png 800w, https:\/\/www.seriousgames.net\/wp-content\/uploads\/2021\/02\/profile_mba-300x300.png 300w, https:\/\/www.seriousgames.net\/wp-content\/uploads\/2021\/02\/profile_mba-150x150.png 150w, https:\/\/www.seriousgames.net\/wp-content\/uploads\/2021\/02\/profile_mba-768x768.png 768w, https:\/\/www.seriousgames.net\/wp-content\/uploads\/2021\/02\/profile_mba-560x560.png 560w\" sizes=\"auto, (max-width: 800px) 100vw, 800px\" \/><\/div><\/div>  <\/div><\/div><\/div><div class=\"eut-background-wrapper\"><\/div><\/div><\/div><div class=\"eut-column-inner wpb_column eut-bookmark eut-column-2-3 eut-tablet-sm-column-1\" ><div class=\"eut-column-wrapper-inner\"><div class=\"eut-column-inner-content\" ><h3 class=\"eut-element eut-title eut-align-left eut-h6\" style=\"margin-bottom: 0px;\"><span>Martin B\u00e2rmann<\/span><\/h3><div class=\"eut-element eut-text vc_custom_1586423135580\">\r\n\t\t\t<p>SENIOR PROJECT MANAGER<\/p>\n\r\n\t\t<\/div>\r\n\t<div class=\"eut-element eut-text\">\r\n\t\t\t<p>Som en \u00e6gte praktiker, har Martin i mere end 20 \u00e5r ledet og leveret en bred vifte af digitale projekter, med stor succes. Han er kaptajnen p\u00e5 de fleste af vores internationale projekter, hvor han s\u00f8rger for at f\u00f8lge op p\u00e5 testprocedurer og deadlines. Martin har et skarpt fokus p\u00e5 at analysere aktuelle udfordringer, konstant forbedre processerne, og integrere initiativer der \u00f8ger den overordnede kvalitet og optimerer \u00f8konomien.<\/p>\n<p><strong><a href=\"https:\/\/www.linkedin.com\/in\/martinbaermann\" target=\"_blank\" rel=\"noopener noreferrer\">LinkedIn<\/a><\/strong><\/p>\n\r\n\t\t<\/div>\r\n\t<\/div><div class=\"eut-background-wrapper\"><\/div><\/div><\/div><\/div><div class=\"eut-background-wrapper\"><\/div><\/div><\/div><div class=\"eut-background-wrapper\"><\/div><\/div><\/div><\/div><\/div><div class=\"eut-background-wrapper\"><\/div><\/div>\n","protected":false},"excerpt":{"rendered":"Martin B\u00e2rmann SENIOR PROJECT MANAGER Som en \u00e6gte praktiker, har Martin i mere end 20 \u00e5r ledet og leveret en bred vifte af digitale projekter, med stor succes. Han er kaptajnen p\u00e5 de fleste af vores internationale projekter, hvor han s\u00f8rger for at f\u00f8lge op p\u00e5 testprocedurer og deadlines. Martin har et skarpt fokus p\u00e5 [...]","protected":false},"author":1,"featured_media":0,"parent":10728,"menu_order":0,"comment_status":"closed","ping_status":"closed","template":"","meta":{"footnotes":""},"class_list":["post-11093","page","type-page","status-publish","hentry"],"yoast_head":"<!-- This site is optimized with the Yoast SEO Premium plugin v25.3.1 (Yoast SEO v26.9) - https:\/\/yoast.com\/product\/yoast-seo-premium-wordpress\/ -->\n<title>Martin B\u00e4rmann - Serious Games Interactive<\/title>\n<meta name=\"robots\" content=\"index, follow, max-snippet:-1, max-image-preview:large, max-video-preview:-1\" \/>\n<link rel=\"canonical\" href=\"https:\/\/www.seriousgames.net\/da\/om-os\/martin-barmann\/\" \/>\n<meta property=\"og:locale\" content=\"da_DK\" \/>\n<meta property=\"og:type\" content=\"article\" \/>\n<meta property=\"og:title\" content=\"Martin B\u00e4rmann\" \/>\n<meta property=\"og:url\" content=\"https:\/\/www.seriousgames.net\/da\/om-os\/martin-barmann\/\" \/>\n<meta property=\"og:site_name\" content=\"Serious Games Interactive\" \/>\n<meta property=\"article:publisher\" content=\"https:\/\/www.facebook.com\/seriousgames\" \/>\n<meta property=\"article:modified_time\" content=\"2021-05-28T07:27:08+00:00\" \/>\n<meta name=\"twitter:card\" content=\"summary_large_image\" \/>\n<meta name=\"twitter:site\" content=\"@SeriousGamesInt\" \/>\n<meta name=\"twitter:label1\" content=\"Estimeret l\u00e6setid\" \/>\n\t<meta name=\"twitter:data1\" content=\"1 minut\" \/>\n<script type=\"application\/ld+json\" class=\"yoast-schema-graph\">{\"@context\":\"https:\/\/schema.org\",\"@graph\":[{\"@type\":\"WebPage\",\"@id\":\"https:\/\/www.seriousgames.net\/da\/om-os\/martin-barmann\/\",\"url\":\"https:\/\/www.seriousgames.net\/da\/om-os\/martin-barmann\/\",\"name\":\"Martin B\u00e4rmann - Serious Games Interactive\",\"isPartOf\":{\"@id\":\"https:\/\/www.seriousgames.net\/da\/#website\"},\"datePublished\":\"2020-03-16T15:45:40+00:00\",\"dateModified\":\"2021-05-28T07:27:08+00:00\",\"breadcrumb\":{\"@id\":\"https:\/\/www.seriousgames.net\/da\/om-os\/martin-barmann\/#breadcrumb\"},\"inLanguage\":\"da-DK\",\"potentialAction\":[{\"@type\":\"ReadAction\",\"target\":[\"https:\/\/www.seriousgames.net\/da\/om-os\/martin-barmann\/\"]}]},{\"@type\":\"BreadcrumbList\",\"@id\":\"https:\/\/www.seriousgames.net\/da\/om-os\/martin-barmann\/#breadcrumb\",\"itemListElement\":[{\"@type\":\"ListItem\",\"position\":1,\"name\":\"Home\",\"item\":\"https:\/\/www.seriousgames.net\/da\/\"},{\"@type\":\"ListItem\",\"position\":2,\"name\":\"Om Os\",\"item\":\"https:\/\/www.seriousgames.net\/da\/om-os\/\"},{\"@type\":\"ListItem\",\"position\":3,\"name\":\"Martin B\u00e4rmann\"}]},{\"@type\":\"WebSite\",\"@id\":\"https:\/\/www.seriousgames.net\/da\/#website\",\"url\":\"https:\/\/www.seriousgames.net\/da\/\",\"name\":\"Serious Games Interactive\",\"description\":\"Developer of educational games for companies and organizations\",\"publisher\":{\"@id\":\"https:\/\/www.seriousgames.net\/da\/#organization\"},\"potentialAction\":[{\"@type\":\"SearchAction\",\"target\":{\"@type\":\"EntryPoint\",\"urlTemplate\":\"https:\/\/www.seriousgames.net\/da\/?s={search_term_string}\"},\"query-input\":{\"@type\":\"PropertyValueSpecification\",\"valueRequired\":true,\"valueName\":\"search_term_string\"}}],\"inLanguage\":\"da-DK\"},{\"@type\":\"Organization\",\"@id\":\"https:\/\/www.seriousgames.net\/da\/#organization\",\"name\":\"Serious Games Interactive\",\"url\":\"https:\/\/www.seriousgames.net\/da\/\",\"logo\":{\"@type\":\"ImageObject\",\"inLanguage\":\"da-DK\",\"@id\":\"https:\/\/www.seriousgames.net\/da\/#\/schema\/logo\/image\/\",\"url\":\"https:\/\/www.seriousgames.net\/wp-content\/uploads\/2020\/02\/SGI_logo-400x400-1.png\",\"contentUrl\":\"https:\/\/www.seriousgames.net\/wp-content\/uploads\/2020\/02\/SGI_logo-400x400-1.png\",\"width\":400,\"height\":400,\"caption\":\"Serious Games Interactive\"},\"image\":{\"@id\":\"https:\/\/www.seriousgames.net\/da\/#\/schema\/logo\/image\/\"},\"sameAs\":[\"https:\/\/www.facebook.com\/seriousgames\",\"https:\/\/x.com\/SeriousGamesInt\",\"https:\/\/www.linkedin.com\/company\/serious-games-interactive\/\"]}]}<\/script>\n<!-- \/ Yoast SEO Premium plugin. -->","yoast_head_json":{"title":"Martin B\u00e4rmann - Serious Games Interactive","robots":{"index":"index","follow":"follow","max-snippet":"max-snippet:-1","max-image-preview":"max-image-preview:large","max-video-preview":"max-video-preview:-1"},"canonical":"https:\/\/www.seriousgames.net\/da\/om-os\/martin-barmann\/","og_locale":"da_DK","og_type":"article","og_title":"Martin B\u00e4rmann","og_url":"https:\/\/www.seriousgames.net\/da\/om-os\/martin-barmann\/","og_site_name":"Serious Games Interactive","article_publisher":"https:\/\/www.facebook.com\/seriousgames","article_modified_time":"2021-05-28T07:27:08+00:00","twitter_card":"summary_large_image","twitter_site":"@SeriousGamesInt","twitter_misc":{"Estimeret l\u00e6setid":"1 minut"},"schema":{"@context":"https:\/\/schema.org","@graph":[{"@type":"WebPage","@id":"https:\/\/www.seriousgames.net\/da\/om-os\/martin-barmann\/","url":"https:\/\/www.seriousgames.net\/da\/om-os\/martin-barmann\/","name":"Martin B\u00e4rmann - Serious Games Interactive","isPartOf":{"@id":"https:\/\/www.seriousgames.net\/da\/#website"},"datePublished":"2020-03-16T15:45:40+00:00","dateModified":"2021-05-28T07:27:08+00:00","breadcrumb":{"@id":"https:\/\/www.seriousgames.net\/da\/om-os\/martin-barmann\/#breadcrumb"},"inLanguage":"da-DK","potentialAction":[{"@type":"ReadAction","target":["https:\/\/www.seriousgames.net\/da\/om-os\/martin-barmann\/"]}]},{"@type":"BreadcrumbList","@id":"https:\/\/www.seriousgames.net\/da\/om-os\/martin-barmann\/#breadcrumb","itemListElement":[{"@type":"ListItem","position":1,"name":"Home","item":"https:\/\/www.seriousgames.net\/da\/"},{"@type":"ListItem","position":2,"name":"Om Os","item":"https:\/\/www.seriousgames.net\/da\/om-os\/"},{"@type":"ListItem","position":3,"name":"Martin B\u00e4rmann"}]},{"@type":"WebSite","@id":"https:\/\/www.seriousgames.net\/da\/#website","url":"https:\/\/www.seriousgames.net\/da\/","name":"Serious Games Interactive","description":"Developer of educational games for companies and organizations","publisher":{"@id":"https:\/\/www.seriousgames.net\/da\/#organization"},"potentialAction":[{"@type":"SearchAction","target":{"@type":"EntryPoint","urlTemplate":"https:\/\/www.seriousgames.net\/da\/?s={search_term_string}"},"query-input":{"@type":"PropertyValueSpecification","valueRequired":true,"valueName":"search_term_string"}}],"inLanguage":"da-DK"},{"@type":"Organization","@id":"https:\/\/www.seriousgames.net\/da\/#organization","name":"Serious Games Interactive","url":"https:\/\/www.seriousgames.net\/da\/","logo":{"@type":"ImageObject","inLanguage":"da-DK","@id":"https:\/\/www.seriousgames.net\/da\/#\/schema\/logo\/image\/","url":"https:\/\/www.seriousgames.net\/wp-content\/uploads\/2020\/02\/SGI_logo-400x400-1.png","contentUrl":"https:\/\/www.seriousgames.net\/wp-content\/uploads\/2020\/02\/SGI_logo-400x400-1.png","width":400,"height":400,"caption":"Serious Games Interactive"},"image":{"@id":"https:\/\/www.seriousgames.net\/da\/#\/schema\/logo\/image\/"},"sameAs":["https:\/\/www.facebook.com\/seriousgames","https:\/\/x.com\/SeriousGamesInt","https:\/\/www.linkedin.com\/company\/serious-games-interactive\/"]}]}},"_links":{"self":[{"href":"https:\/\/www.seriousgames.net\/da\/wp-json\/wp\/v2\/pages\/11093","targetHints":{"allow":["GET"]}}],"collection":[{"href":"https:\/\/www.seriousgames.net\/da\/wp-json\/wp\/v2\/pages"}],"about":[{"href":"https:\/\/www.seriousgames.net\/da\/wp-json\/wp\/v2\/types\/page"}],"author":[{"embeddable":true,"href":"https:\/\/www.seriousgames.net\/da\/wp-json\/wp\/v2\/users\/1"}],"replies":[{"embeddable":true,"href":"https:\/\/www.seriousgames.net\/da\/wp-json\/wp\/v2\/comments?post=11093"}],"version-history":[{"count":9,"href":"https:\/\/www.seriousgames.net\/da\/wp-json\/wp\/v2\/pages\/11093\/revisions"}],"predecessor-version":[{"id":16438,"href":"https:\/\/www.seriousgames.net\/da\/wp-json\/wp\/v2\/pages\/11093\/revisions\/16438"}],"up":[{"embeddable":true,"href":"https:\/\/www.seriousgames.net\/da\/wp-json\/wp\/v2\/pages\/10728"}],"wp:attachment":[{"href":"https:\/\/www.seriousgames.net\/da\/wp-json\/wp\/v2\/media?parent=11093"}],"curies":[{"name":"wp","href":"https:\/\/api.w.org\/{rel}","templated":true}]}}