{"id":10728,"date":"2020-02-29T14:41:19","date_gmt":"2020-02-29T14:41:19","guid":{"rendered":"https:\/\/www.seriousgames.net\/about-us\/"},"modified":"2024-10-31T14:05:33","modified_gmt":"2024-10-31T14:05:33","slug":"om-os","status":"publish","type":"page","link":"https:\/\/www.seriousgames.net\/da\/om-os\/","title":{"rendered":"Om Os"},"content":{"rendered":"<div class=\"eut-section eut-row-section eut-fullwidth-background eut-padding-top-3x\" data-tablet-sm-height-ratio=\"0\" data-mobile-height-ratio=\"0\"  style=\"background-color:#fbfaf5;color:#000000;\"><div class=\"eut-container\"><div class=\"eut-row eut-bookmark eut-columns-gap-default eut-mobile-vertical-gap-30\"><div class=\"eut-column wpb_column eut-bookmark eut-column-1\" ><div class=\"eut-column-wrapper\"><div class=\"eut-column-content\" ><div class=\"eut-empty-space eut-height-1x\" style=\"\"><\/div><div class=\"eut-inner-section eut-bookmark eut-padding-top-2x eut-padding-bottom-3x eut-equal-columns\" data-tablet-sm-height-ratio=\"0\" data-mobile-height-ratio=\"0\"><div class=\"eut-row-inner eut-columns-gap-60 eut-mobile-vertical-gap-30\"><div class=\"eut-column-inner wpb_column eut-bookmark eut-column-1-6 eut-tablet-sm-column-1 eut-tablet-sm-align-center eut-mobile-align-center\" ><div class=\"eut-column-wrapper-inner title-mobile\"><div class=\"eut-column-inner-content\" ><\/div><div class=\"eut-background-wrapper\"><\/div><\/div><\/div><div class=\"eut-column-inner wpb_column eut-bookmark eut-column-2-3 eut-tablet-sm-column-1\" ><div class=\"eut-column-wrapper-inner\"><div class=\"eut-column-inner-content\" ><h3 class=\"eut-element eut-title eut-align-center eut-h1 eut-tablet-reset-increase-heading eut-tablet-sm-reset-increase-heading eut-mobile-reset-increase-heading eut-increase-heading eut-heading-160\" style=\"margin-bottom: 0px;\"><span><br>\n<p style=\"text-align: center;\">Vi udnytter potentialet i spil<br>\n<\/span><\/h3><\/div><div class=\"eut-background-wrapper\"><\/div><\/div><\/div><div class=\"eut-column-inner wpb_column eut-bookmark eut-column-1-6\" ><div class=\"eut-column-wrapper-inner\"><div class=\"eut-column-inner-content\" ><\/div><div class=\"eut-background-wrapper\"><\/div><\/div><\/div><\/div><div class=\"eut-background-wrapper\"><\/div><\/div><\/div><div class=\"eut-background-wrapper\"><\/div><\/div><\/div><\/div><\/div><div class=\"eut-background-wrapper\"><\/div><\/div><div class=\"eut-section eut-row-section eut-fullwidth-background eut-padding-top-3x\" data-tablet-sm-height-ratio=\"0\" data-mobile-height-ratio=\"0\"  style=\"background-color:#ffffff;color:#000000;margin-bottom: 30px;\"><div class=\"eut-container\"><div class=\"eut-row eut-bookmark eut-columns-gap-default eut-mobile-vertical-gap-30\"><div class=\"eut-column wpb_column eut-bookmark eut-column-1-6 eut-tablet-sm-column-1-6\" ><div class=\"eut-column-wrapper\"><div class=\"eut-column-content\" ><\/div><div class=\"eut-background-wrapper\"><\/div><\/div><\/div><div class=\"eut-column wpb_column eut-bookmark eut-column-2-3 eut-tablet-sm-column-2-3 eut-align-center\" ><div class=\"eut-column-wrapper\"><div class=\"eut-column-content\" ><h3 class=\"eut-element eut-title eut-align-center eut-h3 eut-tablet-reset-increase-heading eut-tablet-sm-reset-increase-heading eut-mobile-reset-increase-heading eut-increase-heading eut-heading-180\" style=\"margin-bottom: 0px;\"><span>LEDELSEN<\/span><\/h3><\/div><div class=\"eut-background-wrapper\"><\/div><\/div><\/div><div class=\"eut-column wpb_column eut-bookmark eut-column-1-6 eut-tablet-sm-column-1-6\" ><div class=\"eut-column-wrapper\"><div class=\"eut-column-content\" ><\/div><div class=\"eut-background-wrapper\"><\/div><\/div><\/div><\/div><\/div><div class=\"eut-background-wrapper\"><\/div><\/div><div class=\"eut-section eut-row-section eut-fullwidth-background eut-padding-bottom-1x\" data-tablet-sm-height-ratio=\"0\" data-mobile-height-ratio=\"0\"><div class=\"eut-container\"><div class=\"eut-row eut-bookmark eut-columns-gap-default eut-mobile-vertical-gap-30\"><div class=\"eut-column wpb_column eut-bookmark eut-column-1-6\" ><div class=\"eut-column-wrapper\"><div class=\"eut-column-content\" ><div class=\"eut-inner-section eut-bookmark eut-padding-top-1x eut-padding-bottom-1x eut-equal-columns\" data-tablet-sm-height-ratio=\"0\" data-mobile-height-ratio=\"0\"><div class=\"eut-row-inner eut-columns-gap-60 eut-mobile-vertical-gap-30\"><div class=\"eut-column-inner wpb_column eut-bookmark eut-column-1 eut-tablet-sm-column-1 eut-tablet-sm-align-center eut-mobile-align-center\" ><div class=\"eut-column-wrapper-inner title-mobile\"><div class=\"eut-column-inner-content\" ><\/div><div class=\"eut-background-wrapper\"><\/div><\/div><\/div><\/div><div class=\"eut-background-wrapper\"><\/div><\/div><\/div><div class=\"eut-background-wrapper\"><\/div><\/div><\/div><div class=\"eut-column wpb_column eut-bookmark eut-column-2-3\" ><div class=\"eut-column-wrapper\"><div class=\"eut-column-content\" ><div class=\"eut-element eut-text\">\r\n\t\t\t<p style=\"text-align: center;\">Vores team er sammensat af eksperter som d\u00e6kker alle led i udviklingsprocessen, og vi kan derfor tilbyde l\u00f8sninger af h\u00f8j kvalitet som medt\u00e6nker projektets budget, tidsramme og m\u00e5l. Hele teamet befinder sig i Danmark, og vi har derudover faste samarbejdspartnere i udlandet som vi om n\u00f8dvendigt kan tr\u00e6kke p\u00e5 ved st\u00f8rre projekter.<br \/>\nKlik p\u00e5 portr\u00e6tterne for at l\u00e6se mere om ledelsen.<\/p>\n\r\n\t\t<\/div>\r\n\t<\/div><div class=\"eut-background-wrapper\"><\/div><\/div><\/div><div class=\"eut-column wpb_column eut-bookmark eut-column-1-6\" ><div class=\"eut-column-wrapper\"><div class=\"eut-column-content\" ><\/div><div class=\"eut-background-wrapper\"><\/div><\/div><\/div><\/div><\/div><div class=\"eut-background-wrapper\"><\/div><\/div><div class=\"eut-section eut-row-section eut-fullwidth-background eut-percentage-height eut-loading-height eut-padding-bottom-2x eut-headings-dark eut-link-dark eut-link-hover-dark\" data-height-ratio=\"30\" data-tablet-sm-height-ratio=\"0\" data-mobile-height-ratio=\"0\"  style=\"color:#000000;\"><div class=\"eut-container\"><div class=\"eut-row eut-bookmark eut-columns-gap-default eut-mobile-vertical-gap-30 eut-percentage-content\"><div class=\"eut-column wpb_column eut-bookmark eut-column-1 eut-headings-dark eut-link-dark eut-link-hover-dark eut-align-center\"  style=\"color:#000000;\" ><div class=\"eut-column-wrapper\"><div class=\"eut-column-content\" ><div class=\"eut-inner-section eut-bookmark eut-padding-bottom-1x eut-headings-dark eut-link-dark eut-link-hover-dark eut-equal-columns\" data-tablet-sm-height-ratio=\"0\" data-mobile-height-ratio=\"0\"  style=\"color:#000000;\"><div class=\"eut-row-inner eut-columns-gap-40 eut-mobile-vertical-gap-55\"><div class=\"eut-column-inner wpb_column eut-bookmark eut-column-1-2 eut-headings-dark eut-link-dark eut-link-hover-dark eut-tablet-sm-column-1 eut-align-center\"  style=\"color:#000000;\" ><div class=\"eut-column-wrapper-inner\"><div class=\"eut-column-inner-content\" >\r\n\t\t\t\t<div class=\"eut-team eut-element eut-layout-1\" style=\"\">\r\n\t\t\t<figure class=\"eut-image-hover\">\r\n\t\t\t\t<a href=\"https:\/\/www.seriousgames.net\/da\/om-os\/simon-egenfeldt-nielsen\/\" title=\"Simon Egenfeldt-Nielsen\" class=\"eut-team-url\" aria-label=\"Simon Egenfeldt-Nielsen\"><\/a>\t\t\t\t<div class=\"eut-team-person\">\r\n\t\t\t\t\t<div class=\"eut-bg-primary-4 eut-hover-overlay eut-opacity-20\"><\/div>\r\n\t\t\t\t\t<div class=\"eut-thumbnail-wrapper\"  style=\"max-width: 1500px;\"><div class=\"eut-thumbnail\"  style=\"padding-top: 100%;\"><img loading=\"lazy\" decoding=\"async\" width=\"1500\" height=\"1500\" src=\"https:\/\/www.seriousgames.net\/wp-content\/uploads\/2024\/10\/profile_sen.png\" class=\"attachment-full size-full\" alt=\"\" data-eutf-filter=\"yes\" srcset=\"https:\/\/www.seriousgames.net\/wp-content\/uploads\/2024\/10\/profile_sen.png 1500w, https:\/\/www.seriousgames.net\/wp-content\/uploads\/2024\/10\/profile_sen-768x768.png 768w, https:\/\/www.seriousgames.net\/wp-content\/uploads\/2024\/10\/profile_sen-560x560.png 560w, https:\/\/www.seriousgames.net\/wp-content\/uploads\/2024\/10\/profile_sen-900x900.png 900w\" sizes=\"auto, (max-width: 1500px) 100vw, 1500px\" \/><\/div><\/div>\t\t\t\t<\/div>\r\n\t\t\t\t<figcaption>\r\n\t\t\t\t\t<ul class=\"eut-team-social eut-align-center\">\r\n\t\t\t\t\t\t<li><a href=\"https:\/\/www.linkedin.com\/in\/egenfeldt\/\" target=\"_blank\" rel=\"noopener noreferrer\" class=\"eut-text-hover-primary-1 eut-bg-white\"><i class=\"fab fa-linkedin-in\" aria-hidden=\"true\"><\/i><span class=\"screen-reader-text\">Linkedin<\/span><\/a><\/li><li><a href=\"mailto:&#115;en&#64;&#115;e&#114;&#105;&#111;u&#115;gam&#101;s&#46;n&#101;t\" class=\"eut-text-hover-primary-1 eut-bg-white\"><i class=\"fas fa-envelope\" aria-hidden=\"true\"><\/i><span class=\"screen-reader-text\">E-mail<\/span><\/a><\/li>\t\t\t\t\t<\/ul>\r\n\t\t\t\t<\/figcaption>\r\n\t\t\t<\/figure>\r\n\t\t\t<div class=\"eut-team-description eut-align-center\">\r\n\t\t\t\t\t\t\t\t<div class=\"eut-team-identity eut-small-text\">CEO, PHD, MA Psykologi<\/div>\r\n\t\t\t\t\t\t\t\t\t\t\t\t<a href=\"https:\/\/www.seriousgames.net\/da\/om-os\/simon-egenfeldt-nielsen\/\" title=\"Simon Egenfeldt-Nielsen\">\r\n\t\t\t\t<h3 class=\"eut-team-name eut-text-hover-primary-1 eut-h6\">Simon Egenfeldt-Nielsen<\/h3>\r\n\t\t\t\t<\/a>\r\n\t\t\t\t\t\t\t<\/div>\r\n\t\t<\/div>\r\n\t\t\r\n\t\t<\/div><div class=\"eut-background-wrapper\"><\/div><\/div><\/div><div class=\"eut-column-inner wpb_column eut-bookmark eut-column-1-2 eut-headings-dark eut-link-dark eut-link-hover-dark eut-tablet-sm-column-1 eut-align-center\"  style=\"color:#000000;\" ><div class=\"eut-column-wrapper-inner\"><div class=\"eut-column-inner-content\" >\r\n\t\t\t\t<div class=\"eut-team eut-element eut-layout-1\" style=\"\">\r\n\t\t\t<figure class=\"eut-image-hover\">\r\n\t\t\t\t<a href=\"https:\/\/www.seriousgames.net\/da\/om-os\/sidsel-egenfeldt-nielsen\/\" title=\"Sidsel Egenfeldt-Nielsen\" class=\"eut-team-url\" aria-label=\"Sidsel Egenfeldt-Nielsen\"><\/a>\t\t\t\t<div class=\"eut-team-person\">\r\n\t\t\t\t\t<div class=\"eut-bg-primary-4 eut-hover-overlay eut-opacity-20\"><\/div>\r\n\t\t\t\t\t<div class=\"eut-thumbnail-wrapper\"  style=\"max-width: 1500px;\"><div class=\"eut-thumbnail\"  style=\"padding-top: 100%;\"><img loading=\"lazy\" decoding=\"async\" width=\"1500\" height=\"1500\" src=\"https:\/\/www.seriousgames.net\/wp-content\/uploads\/2024\/10\/profile_se.png\" class=\"attachment-full size-full\" alt=\"\" data-eutf-filter=\"yes\" srcset=\"https:\/\/www.seriousgames.net\/wp-content\/uploads\/2024\/10\/profile_se.png 1500w, https:\/\/www.seriousgames.net\/wp-content\/uploads\/2024\/10\/profile_se-768x768.png 768w, https:\/\/www.seriousgames.net\/wp-content\/uploads\/2024\/10\/profile_se-560x560.png 560w, https:\/\/www.seriousgames.net\/wp-content\/uploads\/2024\/10\/profile_se-900x900.png 900w\" sizes=\"auto, (max-width: 1500px) 100vw, 1500px\" \/><\/div><\/div>\t\t\t\t<\/div>\r\n\t\t\t\t<figcaption>\r\n\t\t\t\t\t<ul class=\"eut-team-social eut-align-center\">\r\n\t\t\t\t\t\t<li><a href=\"https:\/\/www.linkedin.com\/in\/sidselegenfeldt\/\" target=\"_blank\" rel=\"noopener noreferrer\" class=\"eut-text-hover-primary-1 eut-bg-white\"><i class=\"fab fa-linkedin-in\" aria-hidden=\"true\"><\/i><span class=\"screen-reader-text\">Linkedin<\/span><\/a><\/li><li><a href=\"mailto:se&#64;&#115;&#101;ri&#111;&#117;s&#103;&#97;me&#115;&#46;&#110;et\" class=\"eut-text-hover-primary-1 eut-bg-white\"><i class=\"fas fa-envelope\" aria-hidden=\"true\"><\/i><span class=\"screen-reader-text\">E-mail<\/span><\/a><\/li>\t\t\t\t\t<\/ul>\r\n\t\t\t\t<\/figcaption>\r\n\t\t\t<\/figure>\r\n\t\t\t<div class=\"eut-team-description eut-align-center\">\r\n\t\t\t\t\t\t\t\t<div class=\"eut-team-identity eut-small-text\">COO<\/div>\r\n\t\t\t\t\t\t\t\t\t\t\t\t<a href=\"https:\/\/www.seriousgames.net\/da\/om-os\/sidsel-egenfeldt-nielsen\/\" title=\"Sidsel Egenfeldt-Nielsen\">\r\n\t\t\t\t<h3 class=\"eut-team-name eut-text-hover-primary-1 eut-h6\">Sidsel Egenfeldt-Nielsen<\/h3>\r\n\t\t\t\t<\/a>\r\n\t\t\t\t\t\t\t<\/div>\r\n\t\t<\/div>\r\n\t\t\r\n\t\t<\/div><div class=\"eut-background-wrapper\"><\/div><\/div><\/div><\/div><div class=\"eut-background-wrapper\"><\/div><\/div><div class=\"eut-inner-section eut-bookmark eut-padding-bottom-1x eut-headings-dark eut-link-dark eut-link-hover-dark eut-equal-columns\" data-tablet-sm-height-ratio=\"0\" data-mobile-height-ratio=\"0\"  style=\"color:#000000;\"><div class=\"eut-row-inner eut-columns-gap-40 eut-mobile-vertical-gap-55\"><div class=\"eut-column-inner wpb_column eut-bookmark eut-column-1-2 eut-headings-dark eut-link-dark eut-link-hover-dark eut-tablet-sm-column-1 eut-align-center\"  style=\"color:#000000;\" ><div class=\"eut-column-wrapper-inner\"><div class=\"eut-column-inner-content\" ><\/div><div class=\"eut-background-wrapper\"><\/div><\/div><\/div><div class=\"eut-column-inner wpb_column eut-bookmark eut-column-1-2 eut-headings-dark eut-link-dark eut-link-hover-dark eut-tablet-sm-column-1 eut-align-center\"  style=\"color:#000000;\" ><div class=\"eut-column-wrapper-inner\"><div class=\"eut-column-inner-content\" ><\/div><div class=\"eut-background-wrapper\"><\/div><\/div><\/div><\/div><div class=\"eut-background-wrapper\"><\/div><\/div><\/div><div class=\"eut-background-wrapper\"><\/div><\/div><\/div><\/div><\/div><div class=\"eut-background-wrapper\"><\/div><\/div><div class=\"eut-section eut-row-section eut-fullwidth-background eut-padding-top-1x eut-padding-bottom-4x eut-headings-dark eut-link-dark eut-link-hover-dark\" data-tablet-sm-height-ratio=\"0\" data-mobile-height-ratio=\"0\"  style=\"color:#000000;\"><div class=\"eut-container\"><div class=\"eut-row eut-bookmark eut-columns-gap-default eut-mobile-vertical-gap-30\"><div class=\"eut-column wpb_column eut-bookmark eut-column-1-6 eut-tablet-sm-column-1-6\" ><div class=\"eut-column-wrapper\"><div class=\"eut-column-content\" ><\/div><div class=\"eut-background-wrapper\"><\/div><\/div><\/div><div class=\"eut-column wpb_column eut-bookmark eut-column-2-3 eut-tablet-sm-column-2-3 eut-align-center\" ><div class=\"eut-column-wrapper\"><div class=\"eut-column-content\" ><h3 class=\"eut-element eut-title eut-align-center eut-h3 eut-tablet-reset-increase-heading eut-tablet-sm-reset-increase-heading eut-mobile-reset-increase-heading eut-increase-heading eut-heading-160\" style=\"\"><span>LAD OS TAGE EN SNAK<\/span><\/h3><div class=\"eut-empty-space\" style=\"height: 32px;\"><\/div><div class=\"eut-element eut-align-center eut-animated-item eut-fade-in-up eut-duration-normal\" data-delay=\"400\"><a href=\"https:\/\/www.seriousgames.net\/da\/kontakt\/\" title=\"Kontakt\" class=\"eut-btn eut-btn-large eut-square eut-bg-black eut-bg-hover-black eut-btn-line\"><span>Kontakt os for mere information<\/span><\/a><\/div><\/div><div class=\"eut-background-wrapper\"><\/div><\/div><\/div><div class=\"eut-column wpb_column eut-bookmark eut-column-1-6 eut-tablet-sm-column-1-6\" ><div class=\"eut-column-wrapper\"><div class=\"eut-column-content\" ><\/div><div class=\"eut-background-wrapper\"><\/div><\/div><\/div><\/div><\/div><div class=\"eut-background-wrapper\"><\/div><\/div>\n","protected":false},"excerpt":{"rendered":"Vi udnytter potentialet i spil LEDELSEN Vores team er sammensat af eksperter som d\u00e6kker alle led i udviklingsprocessen, og vi kan derfor tilbyde l\u00f8sninger af h\u00f8j kvalitet som medt\u00e6nker projektets budget, tidsramme og m\u00e5l. Hele teamet befinder sig i Danmark, og vi har derudover faste samarbejdspartnere i udlandet som vi om n\u00f8dvendigt kan tr\u00e6kke p\u00e5 [...]","protected":false},"author":1,"featured_media":0,"parent":0,"menu_order":0,"comment_status":"closed","ping_status":"closed","template":"","meta":{"footnotes":""},"class_list":["post-10728","page","type-page","status-publish","hentry"],"yoast_head":"<!-- This site is optimized with the Yoast SEO Premium plugin v25.3.1 (Yoast SEO v26.9) - https:\/\/yoast.com\/product\/yoast-seo-premium-wordpress\/ -->\n<title>Om Os - Serious Games Interactive<\/title>\n<meta name=\"robots\" content=\"index, follow, max-snippet:-1, max-image-preview:large, max-video-preview:-1\" \/>\n<link rel=\"canonical\" href=\"https:\/\/www.seriousgames.net\/da\/om-os\/\" \/>\n<meta property=\"og:locale\" content=\"da_DK\" \/>\n<meta property=\"og:type\" content=\"article\" \/>\n<meta property=\"og:title\" content=\"Om Os\" \/>\n<meta property=\"og:url\" content=\"https:\/\/www.seriousgames.net\/da\/om-os\/\" \/>\n<meta property=\"og:site_name\" content=\"Serious Games Interactive\" \/>\n<meta property=\"article:publisher\" content=\"https:\/\/www.facebook.com\/seriousgames\" \/>\n<meta property=\"article:modified_time\" content=\"2024-10-31T14:05:33+00:00\" \/>\n<meta name=\"twitter:card\" content=\"summary_large_image\" \/>\n<meta name=\"twitter:site\" content=\"@SeriousGamesInt\" \/>\n<meta name=\"twitter:label1\" content=\"Estimeret l\u00e6setid\" \/>\n\t<meta name=\"twitter:data1\" content=\"2 minutter\" \/>\n<script type=\"application\/ld+json\" class=\"yoast-schema-graph\">{\"@context\":\"https:\/\/schema.org\",\"@graph\":[{\"@type\":\"WebPage\",\"@id\":\"https:\/\/www.seriousgames.net\/da\/om-os\/\",\"url\":\"https:\/\/www.seriousgames.net\/da\/om-os\/\",\"name\":\"Om Os - Serious Games Interactive\",\"isPartOf\":{\"@id\":\"https:\/\/www.seriousgames.net\/da\/#website\"},\"datePublished\":\"2020-02-29T14:41:19+00:00\",\"dateModified\":\"2024-10-31T14:05:33+00:00\",\"breadcrumb\":{\"@id\":\"https:\/\/www.seriousgames.net\/da\/om-os\/#breadcrumb\"},\"inLanguage\":\"da-DK\",\"potentialAction\":[{\"@type\":\"ReadAction\",\"target\":[\"https:\/\/www.seriousgames.net\/da\/om-os\/\"]}]},{\"@type\":\"BreadcrumbList\",\"@id\":\"https:\/\/www.seriousgames.net\/da\/om-os\/#breadcrumb\",\"itemListElement\":[{\"@type\":\"ListItem\",\"position\":1,\"name\":\"Home\",\"item\":\"https:\/\/www.seriousgames.net\/da\/\"},{\"@type\":\"ListItem\",\"position\":2,\"name\":\"Om Os\"}]},{\"@type\":\"WebSite\",\"@id\":\"https:\/\/www.seriousgames.net\/da\/#website\",\"url\":\"https:\/\/www.seriousgames.net\/da\/\",\"name\":\"Serious Games Interactive\",\"description\":\"Developer of educational games for companies and organizations\",\"publisher\":{\"@id\":\"https:\/\/www.seriousgames.net\/da\/#organization\"},\"potentialAction\":[{\"@type\":\"SearchAction\",\"target\":{\"@type\":\"EntryPoint\",\"urlTemplate\":\"https:\/\/www.seriousgames.net\/da\/?s={search_term_string}\"},\"query-input\":{\"@type\":\"PropertyValueSpecification\",\"valueRequired\":true,\"valueName\":\"search_term_string\"}}],\"inLanguage\":\"da-DK\"},{\"@type\":\"Organization\",\"@id\":\"https:\/\/www.seriousgames.net\/da\/#organization\",\"name\":\"Serious Games Interactive\",\"url\":\"https:\/\/www.seriousgames.net\/da\/\",\"logo\":{\"@type\":\"ImageObject\",\"inLanguage\":\"da-DK\",\"@id\":\"https:\/\/www.seriousgames.net\/da\/#\/schema\/logo\/image\/\",\"url\":\"https:\/\/www.seriousgames.net\/wp-content\/uploads\/2020\/02\/SGI_logo-400x400-1.png\",\"contentUrl\":\"https:\/\/www.seriousgames.net\/wp-content\/uploads\/2020\/02\/SGI_logo-400x400-1.png\",\"width\":400,\"height\":400,\"caption\":\"Serious Games Interactive\"},\"image\":{\"@id\":\"https:\/\/www.seriousgames.net\/da\/#\/schema\/logo\/image\/\"},\"sameAs\":[\"https:\/\/www.facebook.com\/seriousgames\",\"https:\/\/x.com\/SeriousGamesInt\",\"https:\/\/www.linkedin.com\/company\/serious-games-interactive\/\"]}]}<\/script>\n<!-- \/ Yoast SEO Premium plugin. -->","yoast_head_json":{"title":"Om Os - Serious Games Interactive","robots":{"index":"index","follow":"follow","max-snippet":"max-snippet:-1","max-image-preview":"max-image-preview:large","max-video-preview":"max-video-preview:-1"},"canonical":"https:\/\/www.seriousgames.net\/da\/om-os\/","og_locale":"da_DK","og_type":"article","og_title":"Om Os","og_url":"https:\/\/www.seriousgames.net\/da\/om-os\/","og_site_name":"Serious Games Interactive","article_publisher":"https:\/\/www.facebook.com\/seriousgames","article_modified_time":"2024-10-31T14:05:33+00:00","twitter_card":"summary_large_image","twitter_site":"@SeriousGamesInt","twitter_misc":{"Estimeret l\u00e6setid":"2 minutter"},"schema":{"@context":"https:\/\/schema.org","@graph":[{"@type":"WebPage","@id":"https:\/\/www.seriousgames.net\/da\/om-os\/","url":"https:\/\/www.seriousgames.net\/da\/om-os\/","name":"Om Os - Serious Games Interactive","isPartOf":{"@id":"https:\/\/www.seriousgames.net\/da\/#website"},"datePublished":"2020-02-29T14:41:19+00:00","dateModified":"2024-10-31T14:05:33+00:00","breadcrumb":{"@id":"https:\/\/www.seriousgames.net\/da\/om-os\/#breadcrumb"},"inLanguage":"da-DK","potentialAction":[{"@type":"ReadAction","target":["https:\/\/www.seriousgames.net\/da\/om-os\/"]}]},{"@type":"BreadcrumbList","@id":"https:\/\/www.seriousgames.net\/da\/om-os\/#breadcrumb","itemListElement":[{"@type":"ListItem","position":1,"name":"Home","item":"https:\/\/www.seriousgames.net\/da\/"},{"@type":"ListItem","position":2,"name":"Om Os"}]},{"@type":"WebSite","@id":"https:\/\/www.seriousgames.net\/da\/#website","url":"https:\/\/www.seriousgames.net\/da\/","name":"Serious Games Interactive","description":"Developer of educational games for companies and organizations","publisher":{"@id":"https:\/\/www.seriousgames.net\/da\/#organization"},"potentialAction":[{"@type":"SearchAction","target":{"@type":"EntryPoint","urlTemplate":"https:\/\/www.seriousgames.net\/da\/?s={search_term_string}"},"query-input":{"@type":"PropertyValueSpecification","valueRequired":true,"valueName":"search_term_string"}}],"inLanguage":"da-DK"},{"@type":"Organization","@id":"https:\/\/www.seriousgames.net\/da\/#organization","name":"Serious Games Interactive","url":"https:\/\/www.seriousgames.net\/da\/","logo":{"@type":"ImageObject","inLanguage":"da-DK","@id":"https:\/\/www.seriousgames.net\/da\/#\/schema\/logo\/image\/","url":"https:\/\/www.seriousgames.net\/wp-content\/uploads\/2020\/02\/SGI_logo-400x400-1.png","contentUrl":"https:\/\/www.seriousgames.net\/wp-content\/uploads\/2020\/02\/SGI_logo-400x400-1.png","width":400,"height":400,"caption":"Serious Games Interactive"},"image":{"@id":"https:\/\/www.seriousgames.net\/da\/#\/schema\/logo\/image\/"},"sameAs":["https:\/\/www.facebook.com\/seriousgames","https:\/\/x.com\/SeriousGamesInt","https:\/\/www.linkedin.com\/company\/serious-games-interactive\/"]}]}},"_links":{"self":[{"href":"https:\/\/www.seriousgames.net\/da\/wp-json\/wp\/v2\/pages\/10728","targetHints":{"allow":["GET"]}}],"collection":[{"href":"https:\/\/www.seriousgames.net\/da\/wp-json\/wp\/v2\/pages"}],"about":[{"href":"https:\/\/www.seriousgames.net\/da\/wp-json\/wp\/v2\/types\/page"}],"author":[{"embeddable":true,"href":"https:\/\/www.seriousgames.net\/da\/wp-json\/wp\/v2\/users\/1"}],"replies":[{"embeddable":true,"href":"https:\/\/www.seriousgames.net\/da\/wp-json\/wp\/v2\/comments?post=10728"}],"version-history":[{"count":30,"href":"https:\/\/www.seriousgames.net\/da\/wp-json\/wp\/v2\/pages\/10728\/revisions"}],"predecessor-version":[{"id":49256,"href":"https:\/\/www.seriousgames.net\/da\/wp-json\/wp\/v2\/pages\/10728\/revisions\/49256"}],"wp:attachment":[{"href":"https:\/\/www.seriousgames.net\/da\/wp-json\/wp\/v2\/media?parent=10728"}],"curies":[{"name":"wp","href":"https:\/\/api.w.org\/{rel}","templated":true}]}}